{"id":2321,"date":"2016-09-27T14:40:06","date_gmt":"2016-09-27T14:40:06","guid":{"rendered":"https:\/\/www.mamapartments.it\/chi-siamo\/"},"modified":"2025-03-21T14:38:07","modified_gmt":"2025-03-21T13:38:07","slug":"ueber-uns","status":"publish","type":"page","link":"https:\/\/mamapartments.it\/de\/ueber-uns\/","title":{"rendered":"\u00dcber Uns"},"content":{"rendered":"<p>Wir sind Massimo und Piera und gemeinsam versuchen wir, die Geschichte einer Familie, die seit 60 Jahren an die Gastfreundschaft glaubt, so aktuell wie m\u00f6glich zu machen.\u00a0<\/p>\n<p>Der Urlaub ist f\u00fcr uns eine Gelegenheit, eine neue Realit\u00e4t zu leben, neue Orte zu entdecken,\u00a0 neue Geschm\u00e4cker zu schmecken und neue Menschen kennen zu lernen.\u00a0<\/p>\n<p>Unser Ziel ist es, alle in einem famili\u00e4ren Umfeld f\u00fcr eine angenehme Reise am Nordufer des Gardasees zwischen Sport, Natur und Entspannung willkommen zu hei\u00dfen.\u00a0<\/p>\n<p><strong>MAMA Apartments<\/strong> m\u00f6chte Reisende willkommen hei\u00dfen, die auf der Suche nach einem &#8222;Zuhause&#8220; fern von zu Hause.<\/p>\n\t<h1><strong>&#8222;Wir glauben an eine Welt, in der alle Menschen das Recht haben, jeden Tag Momente des Gl\u00fccks zu\u00a0erleben&#8220;<\/strong><\/h1>\nIn\u00a0einer\u00a0unserer\u00a0Wohnungen\u00a0gibt\u00a0es\u00a0<strong>Hilfsmittel<\/strong> f\u00fcr Menschen mit motorischen Behinderungen, und f\u00fcr Blinde haben wir eine Anleitungsbrosch\u00fcre in Brailleschrift f\u00fcr den Gebrauch von<br \/>\nHaushaltsger\u00e4ten entworfen. Diese Website selbst wurde erstellt, um blinden und <strong>sehbehinderten<\/strong> Menschen den Zugang \u00fcber einen Screenreader zu erm\u00f6glichen.\n<p>Eine Botschaft des <strong>Bewusstseins<\/strong> f\u00fcr alle, zu verstehen, dass auch das, was f\u00fcr Menschen mit Behinderungen gestaltet ist, <strong>sch\u00f6n<\/strong> sein kann und soll, von der Website bis zur Wohnung.<\/p>\n<p>Die\u00a0Stadt\u00a0hat\u00a0auch\u00a0ein\u00a0sehr\u00a0niedriges\u00a0Niveau\u00a0an\u00a0<strong>architektonischen\u00a0Barrieren<\/strong>. Es gibt verschiedene\u00a0Verb\u00e4nde, die sich daf\u00fcr einsetzen, dass Menschen mit Behinderungen Sport treiben und sich in\u00a0 jeder Hinsicht\u00a0als\u00a0Touristen\u00a0f\u00fchlen\u00a0k\u00f6nnen.<\/p>\n<p>Vom Kitesurfen bis zum Segeln, vorbei an Fahrr\u00e4dern und Stuhljobs am Strand stehen wir unseren G\u00e4sten zur Verf\u00fcgung, und nicht nur, um ihnen alle notwendigen Informationen zu geben und sie mit diesen Realit\u00e4ten zu <strong>verbinden<\/strong>.<\/p>\n<p>&nbsp;<\/p>\n\t<p>Unsere Mission ist die F\u00f6rderung der Inklusion.<\/p>\n<p>Aus diesem Grund arbeiten wir jedes Jahr an der Verbesserung der Dienstleistungen f\u00fcr alle Reisenden, wobei wir den Bed\u00fcrfnissen jedes Einzelnen besondere Aufmerksamkeit widmen.<\/p>\n<p>Wir lieben unsere Arbeit, und wir warten auf Sie, um Ihnen den Empfang zu bereiten, den wir normalerweise unserer Familie und unseren Freunden bereiten.<\/p>\n<p>Wir liefern nicht einfach nur Schl\u00fcssel, sondern wir sind f\u00fcr Sie da,\u00a0 wenn Sie einen &#8218;F\u00fchrer&#8216; w\u00fcnschen, um die Sch\u00f6nheit der Gegend zu entecken.<\/p>\n\t<p>Die Stra\u00dfen von Riva erwarten Sie mit zahlreichen Gesch\u00e4ften f\u00fcr jeden Bedarf, von <strong>Kunsthandwerk<\/strong> \u00fcber Design und Kleidung, Schuhen, Sportbekleidung, Lederwaren und Souvenirl\u00e4den.<\/p>\nIn der Altstadt\u00a0 von Riva finden Sie zahlreiche Restaurants, Trattorias, <strong>Tavernen<\/strong> und Pizzerien mit gegrilltem Fleisch,\u00a0See- und Meeresfisch und lokalen Spezialit\u00e4ten wie Strangolapreti mit geschmolzener Butter, Canederli, <strong>Carne Salada<\/strong> und Fasoi. F\u00fcr diejenigen, die es vorziehen, in der Wohnung zu essen, in nur wenige Gehminuten k\u00f6nnen Sie auch mehrere Superm\u00e4rkte erreichen.<br \/>\nSowohl am Seeufer in Hafenn\u00e4he als auch in den innersten Stra\u00dfen des Zentrums mit der M\u00f6glichkeit, gute <strong>Musik<\/strong> zu h\u00f6ren, mangelt es nicht an Pl\u00e4tzen f\u00fcr einen <strong>Aperitif<\/strong> oder einen Drink nach dem Essen.\n<p>Wenige Schritte von der Residenz entfernt bietet der Touristenhafen zahlreiche <strong>Boots<\/strong>&#8211; oder Tragfl\u00e4chenbootfahrten an, um andere D\u00f6rfer am Gardasee zu entdecken. F\u00fcr Liebhaber des Sonnenbadens, nur 10 Minuten vom Zentrum entfernt, gibt es ca. 2 km sch\u00f6ne, von Gr\u00fcn umgebene <strong>Str\u00e4nde<\/strong>, entlang der K\u00fcste, die nach Torbole f\u00fchrt.<\/p>\n\t<h1>Sport &amp; Spass<\/h1>\n\t<p>F\u00fcr diejenigen, die einen aktiven Urlaub verbringen m\u00f6chten, bietet der Alto Garda aufregende <strong>Routen<\/strong> jeden Schwierigkeitsgrades, die zu Fu\u00df oder auf 2 R\u00e4dern\u00a0zur\u00fcckgelegt\u00a0werden\u00a0k\u00f6nnen.<\/p>\n<p>Ein ausgezeichneter Ort, um alle Sportarten inmitten der <strong>Natur<\/strong> auszu\u00fcben, dank der abwechslungsreichen Beschaffenheit des Territoriums mit Steigungen von \u00fcber 2000 Metern innerhalb eines 15Km-Radius. Hinter jeder Ecke warten malerische Aussichten, bezaubernde Seen und atemberaubende Landschaften auf Sie und werden Sie \u00fcberraschen.<\/p>\n<p>Das\u00a0Gebiet\u00a0ist\u00a0voll\u00a0von\u00a0<strong>Radwegen<\/strong>,\u00a0die\u00a0f\u00fcr\u00a0JEDEN\u00a0geeignet\u00a0sind,\u00a0zahlreichen\u00a0<strong>MTB<\/strong>&#8211; und\u00a0extremen\u00a0<strong>Downhill<\/strong>,\u00a0<strong>Trekking<\/strong>&#8211; und\u00a0<strong>Nordic-Walking<\/strong>-Routen.\u00a0F\u00fcr\u00a0Wasserliebhaber\u00a0ist\u00a0das\u00a0Gebiet\u00a0des\u00a0Garda\u00a0Trentino\u00a0auch\u00a0der\u00a0ideale\u00a0Ort\u00a0zum\u00a0<strong>Segeln<\/strong>, <strong>Windsurfen<\/strong>,\u00a0<strong>Kitesurfen<\/strong>,\u00a0<strong>Sup<\/strong> (Stehpaddel) und <strong>Kanufahren<\/strong>.<\/p>\n<p>Am Gardasee gibt es noch viele sehr einfache <strong>Klettersteig<\/strong>, die auch f\u00fcr Familien mit Kindern geeignet sind, mittelschwer, die auch nur f\u00fcr das Panorama leicht zu bew\u00e4ltigen sind und schwierig f\u00fcr Anf\u00e4nger, die von erfahrenen F\u00fchrern gef\u00fchrt werden, sowie f\u00fcr Experten. Ein Klettersteig erm\u00f6glicht\u00a0es\u00a0Ihnen,\u00a0scheinbar\u00a0unzug\u00e4ngliche\u00a0Orte\u00a0zu\u00a0erreichen\u00a0und\u00a0bietet\u00a0einzigartige\u00a0Emotionen.<\/p>\n<p>Und dann \u00fcber 500 Routen, die von der Autonomen Provinz Trient und den Gemeindeverwaltungen des Alto Garda f\u00fcr das <strong>Klettern<\/strong> ausger\u00fcstet und gesichert wurden.<\/p>\n<p>F\u00fcr Spa\u00df und Adrenalin in einer wilden Umgebung k\u00f6nnen Sie <strong>Canyoning <\/strong>in Begleitung von erfahrenen F\u00fchrern in den Schluchten w\u00e4hlen, die im Lufe der\u00a0Jahrhunderte\u00a0von\u00a0B\u00e4chen\u00a0gegraben\u00a0wurden.<\/p>","protected":false},"excerpt":{"rendered":"<div class=\"entry-summary\">\n<div class=\"entry-summary\">\nWir sind Massimo und Piera und gemeinsam versuchen wir, die Geschichte einer Familie, die seit 60 Jahren an die Gastfreundschaft glaubt, so aktuell wie m\u00f6glich zu machen.\u00a0 Der Urlaub ist f\u00fcr uns eine Gelegenheit, eine neue Realit\u00e4t zu leben, neue&hellip;\n<\/div>\n<div class=\"link-more\"><a href=\"https:\/\/mamapartments.it\/de\/ueber-uns\/\" class=\"more-link\">Mehr lesen<span class=\"screen-reader-text\"> &ldquo;\u00dcber Uns&rdquo;<\/span>\u2026<\/a><\/div>\n<\/div>\n<div class=\"link-more\"><a href=\"https:\/\/mamapartments.it\/de\/ueber-uns\/\" class=\"more-link\">Mehr lesen<span class=\"screen-reader-text\"> &ldquo;\u00dcber Uns&rdquo;<\/span>\u2026<\/a><\/div>\n","protected":false},"author":1,"featured_media":0,"parent":0,"menu_order":0,"comment_status":"closed","ping_status":"closed","template":"templates\/no-intro.php","meta":{"_acf_changed":false,"footnotes":""},"class_list":["post-2321","page","type-page","status-publish","hentry","entry"],"acf":[],"yoast_head":"<!-- This site is optimized with the Yoast SEO plugin v26.8 - https:\/\/yoast.com\/product\/yoast-seo-wordpress\/ -->\n<title>\u00dcber Uns - MAMA Apartments<\/title>\n<meta name=\"robots\" content=\"index, follow, max-snippet:-1, max-image-preview:large, max-video-preview:-1\" \/>\n<link rel=\"canonical\" href=\"https:\/\/mamapartments.it\/de\/ueber-uns\/\" \/>\n<meta property=\"og:locale\" content=\"de_DE\" \/>\n<meta property=\"og:type\" content=\"article\" \/>\n<meta property=\"og:title\" content=\"\u00dcber Uns - MAMA Apartments\" \/>\n<meta property=\"og:description\" content=\"Wir sind Massimo und Piera und gemeinsam versuchen wir, die Geschichte einer Familie, die seit 60 Jahren an die Gastfreundschaft glaubt, so aktuell wie m\u00f6glich zu machen.\u00a0 Der Urlaub ist f\u00fcr uns eine Gelegenheit, eine neue Realit\u00e4t zu leben, neue&hellip; Mehr lesen &ldquo;\u00dcber Uns&rdquo;\u2026\" \/>\n<meta property=\"og:url\" content=\"https:\/\/mamapartments.it\/de\/ueber-uns\/\" \/>\n<meta property=\"og:site_name\" content=\"MAMA Apartments\" \/>\n<meta property=\"article:modified_time\" content=\"2025-03-21T13:38:07+00:00\" \/>\n<meta name=\"twitter:card\" content=\"summary_large_image\" \/>\n<meta name=\"twitter:label1\" content=\"Gesch\u00e4tzte Lesezeit\" \/>\n\t<meta name=\"twitter:data1\" content=\"4\u00a0Minuten\" \/>\n<script type=\"application\/ld+json\" class=\"yoast-schema-graph\">{\"@context\":\"https:\/\/schema.org\",\"@graph\":[{\"@type\":\"WebPage\",\"@id\":\"https:\/\/mamapartments.it\/de\/ueber-uns\/\",\"url\":\"https:\/\/mamapartments.it\/de\/ueber-uns\/\",\"name\":\"\u00dcber Uns - MAMA Apartments\",\"isPartOf\":{\"@id\":\"https:\/\/mamapartments.it\/#website\"},\"datePublished\":\"2016-09-27T14:40:06+00:00\",\"dateModified\":\"2025-03-21T13:38:07+00:00\",\"breadcrumb\":{\"@id\":\"https:\/\/mamapartments.it\/de\/ueber-uns\/#breadcrumb\"},\"inLanguage\":\"de\",\"potentialAction\":[{\"@type\":\"ReadAction\",\"target\":[\"https:\/\/mamapartments.it\/de\/ueber-uns\/\"]}]},{\"@type\":\"BreadcrumbList\",\"@id\":\"https:\/\/mamapartments.it\/de\/ueber-uns\/#breadcrumb\",\"itemListElement\":[{\"@type\":\"ListItem\",\"position\":1,\"name\":\"Home\",\"item\":\"https:\/\/mamapartments.it\/de\/\"},{\"@type\":\"ListItem\",\"position\":2,\"name\":\"\u00dcber Uns\"}]},{\"@type\":\"WebSite\",\"@id\":\"https:\/\/mamapartments.it\/#website\",\"url\":\"https:\/\/mamapartments.it\/\",\"name\":\"MAMA Apartments\",\"description\":\"Riva del Garda   +39 0464 556744\",\"publisher\":{\"@id\":\"https:\/\/mamapartments.it\/#organization\"},\"potentialAction\":[{\"@type\":\"SearchAction\",\"target\":{\"@type\":\"EntryPoint\",\"urlTemplate\":\"https:\/\/mamapartments.it\/?s={search_term_string}\"},\"query-input\":{\"@type\":\"PropertyValueSpecification\",\"valueRequired\":true,\"valueName\":\"search_term_string\"}}],\"inLanguage\":\"de\"},{\"@type\":\"Organization\",\"@id\":\"https:\/\/mamapartments.it\/#organization\",\"name\":\"MAMA Apartments\",\"url\":\"https:\/\/mamapartments.it\/\",\"logo\":{\"@type\":\"ImageObject\",\"inLanguage\":\"de\",\"@id\":\"https:\/\/mamapartments.it\/#\/schema\/logo\/image\/\",\"url\":\"https:\/\/mamapartments.it\/wp-content\/uploads\/2025\/02\/MAMA_apartments_DEF_4.png\",\"contentUrl\":\"https:\/\/mamapartments.it\/wp-content\/uploads\/2025\/02\/MAMA_apartments_DEF_4.png\",\"width\":1532,\"height\":1228,\"caption\":\"MAMA Apartments\"},\"image\":{\"@id\":\"https:\/\/mamapartments.it\/#\/schema\/logo\/image\/\"}}]}<\/script>\n<!-- \/ Yoast SEO plugin. -->","yoast_head_json":{"title":"\u00dcber Uns - MAMA Apartments","robots":{"index":"index","follow":"follow","max-snippet":"max-snippet:-1","max-image-preview":"max-image-preview:large","max-video-preview":"max-video-preview:-1"},"canonical":"https:\/\/mamapartments.it\/de\/ueber-uns\/","og_locale":"de_DE","og_type":"article","og_title":"\u00dcber Uns - MAMA Apartments","og_description":"Wir sind Massimo und Piera und gemeinsam versuchen wir, die Geschichte einer Familie, die seit 60 Jahren an die Gastfreundschaft glaubt, so aktuell wie m\u00f6glich zu machen.\u00a0 Der Urlaub ist f\u00fcr uns eine Gelegenheit, eine neue Realit\u00e4t zu leben, neue&hellip; Mehr lesen &ldquo;\u00dcber Uns&rdquo;\u2026","og_url":"https:\/\/mamapartments.it\/de\/ueber-uns\/","og_site_name":"MAMA Apartments","article_modified_time":"2025-03-21T13:38:07+00:00","twitter_card":"summary_large_image","twitter_misc":{"Gesch\u00e4tzte Lesezeit":"4\u00a0Minuten"},"schema":{"@context":"https:\/\/schema.org","@graph":[{"@type":"WebPage","@id":"https:\/\/mamapartments.it\/de\/ueber-uns\/","url":"https:\/\/mamapartments.it\/de\/ueber-uns\/","name":"\u00dcber Uns - MAMA Apartments","isPartOf":{"@id":"https:\/\/mamapartments.it\/#website"},"datePublished":"2016-09-27T14:40:06+00:00","dateModified":"2025-03-21T13:38:07+00:00","breadcrumb":{"@id":"https:\/\/mamapartments.it\/de\/ueber-uns\/#breadcrumb"},"inLanguage":"de","potentialAction":[{"@type":"ReadAction","target":["https:\/\/mamapartments.it\/de\/ueber-uns\/"]}]},{"@type":"BreadcrumbList","@id":"https:\/\/mamapartments.it\/de\/ueber-uns\/#breadcrumb","itemListElement":[{"@type":"ListItem","position":1,"name":"Home","item":"https:\/\/mamapartments.it\/de\/"},{"@type":"ListItem","position":2,"name":"\u00dcber Uns"}]},{"@type":"WebSite","@id":"https:\/\/mamapartments.it\/#website","url":"https:\/\/mamapartments.it\/","name":"MAMA Apartments","description":"Riva del Garda   +39 0464 556744","publisher":{"@id":"https:\/\/mamapartments.it\/#organization"},"potentialAction":[{"@type":"SearchAction","target":{"@type":"EntryPoint","urlTemplate":"https:\/\/mamapartments.it\/?s={search_term_string}"},"query-input":{"@type":"PropertyValueSpecification","valueRequired":true,"valueName":"search_term_string"}}],"inLanguage":"de"},{"@type":"Organization","@id":"https:\/\/mamapartments.it\/#organization","name":"MAMA Apartments","url":"https:\/\/mamapartments.it\/","logo":{"@type":"ImageObject","inLanguage":"de","@id":"https:\/\/mamapartments.it\/#\/schema\/logo\/image\/","url":"https:\/\/mamapartments.it\/wp-content\/uploads\/2025\/02\/MAMA_apartments_DEF_4.png","contentUrl":"https:\/\/mamapartments.it\/wp-content\/uploads\/2025\/02\/MAMA_apartments_DEF_4.png","width":1532,"height":1228,"caption":"MAMA Apartments"},"image":{"@id":"https:\/\/mamapartments.it\/#\/schema\/logo\/image\/"}}]}},"_links":{"self":[{"href":"https:\/\/mamapartments.it\/de\/wp-json\/wp\/v2\/pages\/2321","targetHints":{"allow":["GET"]}}],"collection":[{"href":"https:\/\/mamapartments.it\/de\/wp-json\/wp\/v2\/pages"}],"about":[{"href":"https:\/\/mamapartments.it\/de\/wp-json\/wp\/v2\/types\/page"}],"author":[{"embeddable":true,"href":"https:\/\/mamapartments.it\/de\/wp-json\/wp\/v2\/users\/1"}],"replies":[{"embeddable":true,"href":"https:\/\/mamapartments.it\/de\/wp-json\/wp\/v2\/comments?post=2321"}],"version-history":[{"count":5,"href":"https:\/\/mamapartments.it\/de\/wp-json\/wp\/v2\/pages\/2321\/revisions"}],"predecessor-version":[{"id":3871,"href":"https:\/\/mamapartments.it\/de\/wp-json\/wp\/v2\/pages\/2321\/revisions\/3871"}],"wp:attachment":[{"href":"https:\/\/mamapartments.it\/de\/wp-json\/wp\/v2\/media?parent=2321"}],"curies":[{"name":"wp","href":"https:\/\/api.w.org\/{rel}","templated":true}]}}