{"id":2325,"date":"2016-09-14T14:02:11","date_gmt":"2016-09-14T12:02:11","guid":{"rendered":"https:\/\/www.mamapartments.it\/contattaci\/"},"modified":"2021-04-19T14:18:33","modified_gmt":"2021-04-19T12:18:33","slug":"kontakt","status":"publish","type":"page","link":"https:\/\/mamapartments.it\/de\/kontakt\/","title":{"rendered":"Kontakt"},"content":{"rendered":"<p>&nbsp;<\/p>\n<h2><strong>Massimo +39 3498849504<\/strong><\/h2>\n<h2><strong>Piera +39 3280005674<\/strong><\/h2>\n<p>&nbsp;<\/p>\n\t<p>HABEN SIE NOCH FRAGEN?<\/p>\n\n<p>UNSERE G\u00c4STE SIND UNSERE PRIORIT\u00c4T.<\/p>\nRUFEN SIE AN, WENN SIE ETWAS BRAUCHEN.<br \/>\n.\n\t\n<div class=\"wpcf7 no-js\" id=\"wpcf7-f3405-o1\" lang=\"it-IT\" dir=\"ltr\" data-wpcf7-id=\"3405\">\n<div class=\"screen-reader-response\"><p role=\"status\" aria-live=\"polite\" aria-atomic=\"true\"><\/p> <ul><\/ul><\/div>\n<form action=\"\/de\/wp-json\/wp\/v2\/pages\/2325#wpcf7-f3405-o1\" method=\"post\" class=\"wpcf7-form init\" aria-label=\"Modulo di contatto\" novalidate=\"novalidate\" data-status=\"init\">\n<fieldset class=\"hidden-fields-container\"><input type=\"hidden\" name=\"_wpcf7\" value=\"3405\" \/><input type=\"hidden\" name=\"_wpcf7_version\" value=\"6.1.5\" \/><input type=\"hidden\" name=\"_wpcf7_locale\" value=\"it_IT\" \/><input type=\"hidden\" name=\"_wpcf7_unit_tag\" value=\"wpcf7-f3405-o1\" \/><input type=\"hidden\" name=\"_wpcf7_container_post\" value=\"0\" \/><input type=\"hidden\" name=\"_wpcf7_posted_data_hash\" value=\"\" \/><input type=\"hidden\" name=\"_wpcf7_recaptcha_response\" value=\"\" \/>\n<\/fieldset>\n<div class=\"input-container\" style=\"width:50%;float:left;\">\n\t<p><label> Name*<br \/>\n<span class=\"wpcf7-form-control-wrap\" data-name=\"nome\"><input size=\"40\" maxlength=\"400\" class=\"wpcf7-form-control wpcf7-text wpcf7-validates-as-required input-form\" aria-required=\"true\" aria-invalid=\"false\" value=\"\" type=\"text\" name=\"nome\" \/><\/span> <\/label>\n\t<\/p>\n<\/div>\n<div class=\"input-container\" style=\"width:50%;float:left;\">\n\t<p><label> Nachname*<br \/>\n<span class=\"wpcf7-form-control-wrap\" data-name=\"cognome\"><input size=\"40\" maxlength=\"400\" class=\"wpcf7-form-control wpcf7-text wpcf7-validates-as-required input-form\" aria-required=\"true\" aria-invalid=\"false\" value=\"\" type=\"text\" name=\"cognome\" \/><\/span> <\/label>\n\t<\/p>\n<\/div>\n<div style=\"clear:both;\">\n<\/div>\n<div class=\"input-container\" style=\"width:50%;float:left;\">\n\t<p><label> Email*<br \/>\n<span class=\"wpcf7-form-control-wrap\" data-name=\"email\"><input size=\"40\" maxlength=\"400\" class=\"wpcf7-form-control wpcf7-email wpcf7-validates-as-required wpcf7-text wpcf7-validates-as-email input-form\" aria-required=\"true\" aria-invalid=\"false\" value=\"\" type=\"email\" name=\"email\" \/><\/span> <\/label>\n\t<\/p>\n<\/div>\n<div class=\"input-container\" style=\"width:50%;float:left;\">\n\t<p><label> Telefon<br \/>\n<span class=\"wpcf7-form-control-wrap\" data-name=\"telefono\"><input size=\"40\" maxlength=\"400\" class=\"wpcf7-form-control wpcf7-tel wpcf7-text wpcf7-validates-as-tel input-form\" aria-invalid=\"false\" value=\"\" type=\"tel\" name=\"telefono\" \/><\/span> <\/label>\n\t<\/p>\n<\/div>\n<div style=\"clear:both;\">\n<\/div>\n<div class=\"input-container\" style=\"width:100%;\">\n\t<p><label> Anfrage*<br \/>\n<span class=\"wpcf7-form-control-wrap\" data-name=\"richiesta\"><textarea cols=\"40\" rows=\"10\" maxlength=\"2000\" class=\"wpcf7-form-control wpcf7-textarea wpcf7-validates-as-required input-form\" aria-required=\"true\" aria-invalid=\"false\" name=\"richiesta\"><\/textarea><\/span> <\/label>\n\t<\/p>\n<\/div>\n<div class=\"input-container\" style=\"width:100%;\">\n\t<p><label> <span class=\"wpcf7-form-control-wrap\" data-name=\"accettazione\"><span class=\"wpcf7-form-control wpcf7-acceptance\"><span class=\"wpcf7-list-item\"><label><input type=\"checkbox\" name=\"accettazione\" value=\"1\" aria-invalid=\"false\" \/><span class=\"wpcf7-list-item-label\">Nach und f\u00fcr die Zwecke der Artikel 6, 13 e 15 of EU-Verordnung 2016\/679, erkl\u00e4re ich das Ziel <a href=\"\/de\/privacy-policy\/\" target=\"_blank\">Informationen<\/a> f\u00fcr die Verarbeitung personenbezogener Daten.<\/span><\/label><\/span><\/span><\/span> <\/label>\n\t<\/p>\n<\/div>\n<div style=\"clear:both;\">\n<\/div>\n<span class=\"wpcf7-form-control-wrap recaptcha\" data-name=\"recaptcha\"><span data-sitekey=\"6LemzvsqAAAAAIDhXAIEYQuYYCJjr9BJbh4gNcFt\" class=\"wpcf7-form-control wpcf7-recaptcha g-recaptcha\"><\/span>\r\n<noscript>\r\n\t<div class=\"grecaptcha-noscript\">\r\n\t\t<iframe loading=\"lazy\" src=\"https:\/\/www.google.com\/recaptcha\/api\/fallback?k=6LemzvsqAAAAAIDhXAIEYQuYYCJjr9BJbh4gNcFt\" frameborder=\"0\" scrolling=\"no\" width=\"310\" height=\"430\">\r\n\t\t<\/iframe>\r\n\t\t<textarea name=\"g-recaptcha-response\" rows=\"3\" cols=\"40\" placeholder=\"reCaptcha Response Here\">\r\n\t\t<\/textarea>\r\n\t<\/div>\r\n<\/noscript>\r\n<\/span>\n<p><input class=\"wpcf7-form-control wpcf7-submit has-spinner\" type=\"submit\" value=\"Senden\" \/>\n<\/p><div class=\"wpcf7-response-output\" aria-hidden=\"true\"><\/div>\n<\/form>\n<\/div>\n\n\t<iframe loading=\"lazy\" src=\"https:\/\/www.google.com\/maps\/embed?pb=!1m14!1m8!1m3!1d355492.3762319473!2d10.839063!3d45.885629!3m2!1i1024!2i768!4f13.1!3m3!1m2!1s0x0%3A0x3f974edd687267ee!2sResidence%20Trieste!5e0!3m2!1sit!2sit!4v1583953870384!5m2!1sit!2sit\" width=\"600\" height=\"450\" frameborder=\"0\" allowfullscreen=\"\" aria-hidden=\"false\" tabindex=\"0\"><\/iframe>\n\t<h3>Wie erreichen Sie uns<\/h3>\n\t<h3><em>Mit dem Auto<\/em><\/h3>\n<p>F\u00fcr diejenigen, die Riva del Garda mit dem Auto erreichen wollen,\u00a0\u00a0der schnellste Weg ist die Autobahn A22 (Modena &#8211; Brenner). Die empfohlene Ausfahrt ist Rovereto Sud-Lago di Garda Nord, 17 km von Riva del Garda entfernt.<\/p>\n<p>&nbsp;<\/p>\n\t<h3><em>Mit dem Linienbus<\/em><\/h3>\n<p>Es gibt direkte Verbindungen von Trient und Rovereto (Trentino Trasporti Busse); von Verona und Desenzano (Autobus A.T.V.); von Brescia (Autobus S.I.A.) und w\u00e4hrend des Sommers (von Mitte Juni bis Ende September) auch von Venedig (Autobus A.T.V.).<\/p>\n\t<h3><em>Mit dem Zug<\/em><\/h3>\n<p>F\u00fcr diejenigen, die mit dem Zug anreisen, ist der n\u00e4chste Bahnhof Rovereto (Brennerlinie) 20 km von Riva del Garda entfernt. Ein Busdienst von Trentino Trasporti verbindet Rovereto mit Riva del Garda. F\u00fcr diejenigen, die mit dem Zug aus Mailand oder Venedig kommen, besteht die M\u00f6glichkeit, an den Bahnh\u00f6fen Desenzano, Peschiera oder Verona auszusteigen. Von hier aus k\u00f6nnen Sie die A.T.V. -Busse in Richtung Riva nehmen.<\/p>\n\t<h3><em>Mit dem Flug<\/em><\/h3>\nVerona Valerio Catullo VRN &#8211; 85 km<br \/>\nBergamo Orio al Serio BGY &#8211; 130 km<br \/>\nMilano Linate LIN &#8211; 227 km<br \/>\nMilano Malpensa MXP &#8211; 265 km","protected":false},"excerpt":{"rendered":"<div class=\"entry-summary\">\n<div class=\"entry-summary\">\n&nbsp; Massimo +39 3498849504 Piera +39 3280005674 &nbsp; HABEN SIE NOCH FRAGEN? UNSERE G\u00c4STE SIND UNSERE PRIORIT\u00c4T. RUFEN SIE AN, WENN SIE ETWAS BRAUCHEN. . Wie erreichen Sie uns Mit dem Auto F\u00fcr diejenigen, die Riva del Garda mit dem&hellip;\n<\/div>\n<div class=\"link-more\"><a href=\"https:\/\/mamapartments.it\/de\/kontakt\/\" class=\"more-link\">Mehr lesen<span class=\"screen-reader-text\"> &ldquo;Kontakt&rdquo;<\/span>\u2026<\/a><\/div>\n<\/div>\n<div class=\"link-more\"><a href=\"https:\/\/mamapartments.it\/de\/kontakt\/\" class=\"more-link\">Mehr lesen<span class=\"screen-reader-text\"> &ldquo;Kontakt&rdquo;<\/span>\u2026<\/a><\/div>\n","protected":false},"author":1,"featured_media":0,"parent":0,"menu_order":0,"comment_status":"closed","ping_status":"closed","template":"templates\/no-intro.php","meta":{"_acf_changed":false,"footnotes":""},"class_list":["post-2325","page","type-page","status-publish","hentry","entry"],"acf":[],"yoast_head":"<!-- This site is optimized with the Yoast SEO plugin v26.8 - https:\/\/yoast.com\/product\/yoast-seo-wordpress\/ -->\n<title>Kontakt - MAMA Apartments<\/title>\n<meta name=\"robots\" content=\"index, follow, max-snippet:-1, max-image-preview:large, max-video-preview:-1\" \/>\n<link rel=\"canonical\" href=\"https:\/\/mamapartments.it\/de\/kontakt\/\" \/>\n<meta property=\"og:locale\" content=\"de_DE\" \/>\n<meta property=\"og:type\" content=\"article\" \/>\n<meta property=\"og:title\" content=\"Kontakt - MAMA Apartments\" \/>\n<meta property=\"og:description\" content=\"&nbsp; Massimo +39 3498849504 Piera +39 3280005674 &nbsp; HABEN SIE NOCH FRAGEN? UNSERE G\u00c4STE SIND UNSERE PRIORIT\u00c4T. RUFEN SIE AN, WENN SIE ETWAS BRAUCHEN. . Wie erreichen Sie uns Mit dem Auto F\u00fcr diejenigen, die Riva del Garda mit dem&hellip; Mehr lesen &ldquo;Kontakt&rdquo;\u2026\" \/>\n<meta property=\"og:url\" content=\"https:\/\/mamapartments.it\/de\/kontakt\/\" \/>\n<meta property=\"og:site_name\" content=\"MAMA Apartments\" \/>\n<meta property=\"article:modified_time\" content=\"2021-04-19T12:18:33+00:00\" \/>\n<meta name=\"twitter:card\" content=\"summary_large_image\" \/>\n<meta name=\"twitter:label1\" content=\"Gesch\u00e4tzte Lesezeit\" \/>\n\t<meta name=\"twitter:data1\" content=\"1\u00a0Minute\" \/>\n<script type=\"application\/ld+json\" class=\"yoast-schema-graph\">{\"@context\":\"https:\/\/schema.org\",\"@graph\":[{\"@type\":\"WebPage\",\"@id\":\"https:\/\/mamapartments.it\/de\/kontakt\/\",\"url\":\"https:\/\/mamapartments.it\/de\/kontakt\/\",\"name\":\"Kontakt - MAMA Apartments\",\"isPartOf\":{\"@id\":\"https:\/\/mamapartments.it\/#website\"},\"datePublished\":\"2016-09-14T12:02:11+00:00\",\"dateModified\":\"2021-04-19T12:18:33+00:00\",\"breadcrumb\":{\"@id\":\"https:\/\/mamapartments.it\/de\/kontakt\/#breadcrumb\"},\"inLanguage\":\"de\",\"potentialAction\":[{\"@type\":\"ReadAction\",\"target\":[\"https:\/\/mamapartments.it\/de\/kontakt\/\"]}]},{\"@type\":\"BreadcrumbList\",\"@id\":\"https:\/\/mamapartments.it\/de\/kontakt\/#breadcrumb\",\"itemListElement\":[{\"@type\":\"ListItem\",\"position\":1,\"name\":\"Home\",\"item\":\"https:\/\/mamapartments.it\/de\/\"},{\"@type\":\"ListItem\",\"position\":2,\"name\":\"Kontakt\"}]},{\"@type\":\"WebSite\",\"@id\":\"https:\/\/mamapartments.it\/#website\",\"url\":\"https:\/\/mamapartments.it\/\",\"name\":\"MAMA Apartments\",\"description\":\"Riva del Garda   +39 0464 556744\",\"publisher\":{\"@id\":\"https:\/\/mamapartments.it\/#organization\"},\"potentialAction\":[{\"@type\":\"SearchAction\",\"target\":{\"@type\":\"EntryPoint\",\"urlTemplate\":\"https:\/\/mamapartments.it\/?s={search_term_string}\"},\"query-input\":{\"@type\":\"PropertyValueSpecification\",\"valueRequired\":true,\"valueName\":\"search_term_string\"}}],\"inLanguage\":\"de\"},{\"@type\":\"Organization\",\"@id\":\"https:\/\/mamapartments.it\/#organization\",\"name\":\"MAMA Apartments\",\"url\":\"https:\/\/mamapartments.it\/\",\"logo\":{\"@type\":\"ImageObject\",\"inLanguage\":\"de\",\"@id\":\"https:\/\/mamapartments.it\/#\/schema\/logo\/image\/\",\"url\":\"https:\/\/mamapartments.it\/wp-content\/uploads\/2025\/02\/MAMA_apartments_DEF_4.png\",\"contentUrl\":\"https:\/\/mamapartments.it\/wp-content\/uploads\/2025\/02\/MAMA_apartments_DEF_4.png\",\"width\":1532,\"height\":1228,\"caption\":\"MAMA Apartments\"},\"image\":{\"@id\":\"https:\/\/mamapartments.it\/#\/schema\/logo\/image\/\"}}]}<\/script>\n<!-- \/ Yoast SEO plugin. -->","yoast_head_json":{"title":"Kontakt - MAMA Apartments","robots":{"index":"index","follow":"follow","max-snippet":"max-snippet:-1","max-image-preview":"max-image-preview:large","max-video-preview":"max-video-preview:-1"},"canonical":"https:\/\/mamapartments.it\/de\/kontakt\/","og_locale":"de_DE","og_type":"article","og_title":"Kontakt - MAMA Apartments","og_description":"&nbsp; Massimo +39 3498849504 Piera +39 3280005674 &nbsp; HABEN SIE NOCH FRAGEN? UNSERE G\u00c4STE SIND UNSERE PRIORIT\u00c4T. RUFEN SIE AN, WENN SIE ETWAS BRAUCHEN. . Wie erreichen Sie uns Mit dem Auto F\u00fcr diejenigen, die Riva del Garda mit dem&hellip; Mehr lesen &ldquo;Kontakt&rdquo;\u2026","og_url":"https:\/\/mamapartments.it\/de\/kontakt\/","og_site_name":"MAMA Apartments","article_modified_time":"2021-04-19T12:18:33+00:00","twitter_card":"summary_large_image","twitter_misc":{"Gesch\u00e4tzte Lesezeit":"1\u00a0Minute"},"schema":{"@context":"https:\/\/schema.org","@graph":[{"@type":"WebPage","@id":"https:\/\/mamapartments.it\/de\/kontakt\/","url":"https:\/\/mamapartments.it\/de\/kontakt\/","name":"Kontakt - MAMA Apartments","isPartOf":{"@id":"https:\/\/mamapartments.it\/#website"},"datePublished":"2016-09-14T12:02:11+00:00","dateModified":"2021-04-19T12:18:33+00:00","breadcrumb":{"@id":"https:\/\/mamapartments.it\/de\/kontakt\/#breadcrumb"},"inLanguage":"de","potentialAction":[{"@type":"ReadAction","target":["https:\/\/mamapartments.it\/de\/kontakt\/"]}]},{"@type":"BreadcrumbList","@id":"https:\/\/mamapartments.it\/de\/kontakt\/#breadcrumb","itemListElement":[{"@type":"ListItem","position":1,"name":"Home","item":"https:\/\/mamapartments.it\/de\/"},{"@type":"ListItem","position":2,"name":"Kontakt"}]},{"@type":"WebSite","@id":"https:\/\/mamapartments.it\/#website","url":"https:\/\/mamapartments.it\/","name":"MAMA Apartments","description":"Riva del Garda   +39 0464 556744","publisher":{"@id":"https:\/\/mamapartments.it\/#organization"},"potentialAction":[{"@type":"SearchAction","target":{"@type":"EntryPoint","urlTemplate":"https:\/\/mamapartments.it\/?s={search_term_string}"},"query-input":{"@type":"PropertyValueSpecification","valueRequired":true,"valueName":"search_term_string"}}],"inLanguage":"de"},{"@type":"Organization","@id":"https:\/\/mamapartments.it\/#organization","name":"MAMA Apartments","url":"https:\/\/mamapartments.it\/","logo":{"@type":"ImageObject","inLanguage":"de","@id":"https:\/\/mamapartments.it\/#\/schema\/logo\/image\/","url":"https:\/\/mamapartments.it\/wp-content\/uploads\/2025\/02\/MAMA_apartments_DEF_4.png","contentUrl":"https:\/\/mamapartments.it\/wp-content\/uploads\/2025\/02\/MAMA_apartments_DEF_4.png","width":1532,"height":1228,"caption":"MAMA Apartments"},"image":{"@id":"https:\/\/mamapartments.it\/#\/schema\/logo\/image\/"}}]}},"_links":{"self":[{"href":"https:\/\/mamapartments.it\/de\/wp-json\/wp\/v2\/pages\/2325","targetHints":{"allow":["GET"]}}],"collection":[{"href":"https:\/\/mamapartments.it\/de\/wp-json\/wp\/v2\/pages"}],"about":[{"href":"https:\/\/mamapartments.it\/de\/wp-json\/wp\/v2\/types\/page"}],"author":[{"embeddable":true,"href":"https:\/\/mamapartments.it\/de\/wp-json\/wp\/v2\/users\/1"}],"replies":[{"embeddable":true,"href":"https:\/\/mamapartments.it\/de\/wp-json\/wp\/v2\/comments?post=2325"}],"version-history":[{"count":4,"href":"https:\/\/mamapartments.it\/de\/wp-json\/wp\/v2\/pages\/2325\/revisions"}],"predecessor-version":[{"id":3406,"href":"https:\/\/mamapartments.it\/de\/wp-json\/wp\/v2\/pages\/2325\/revisions\/3406"}],"wp:attachment":[{"href":"https:\/\/mamapartments.it\/de\/wp-json\/wp\/v2\/media?parent=2325"}],"curies":[{"name":"wp","href":"https:\/\/api.w.org\/{rel}","templated":true}]}}