{"id":2328,"date":"2020-03-19T11:33:34","date_gmt":"2020-03-19T11:33:34","guid":{"rendered":"https:\/\/www.mamapartments.it\/riva-del-garda-eventi\/"},"modified":"2021-04-03T12:45:10","modified_gmt":"2021-04-03T10:45:10","slug":"riva-del-garda-eventi","status":"publish","type":"page","link":"https:\/\/mamapartments.it\/de\/riva-del-garda-eventi\/","title":{"rendered":"EVENTI"},"content":{"rendered":"<h1><i>\u00a0kein Trauen!<\/i><\/h1>\n\t<h1><b><i>Spass f\u00fcr grosse und kleinen<\/i><\/b><\/h1>\n\t<p>Es ist Zeit f\u00fcr Spa\u00df. Es gibt immer etwas f\u00fcr unserem Geschmack. Die Veranstaltungen sind f\u00fcr alle gedacht und hier sehen Sie unsere Auswahl, aber wir wissen noch viel mehr&#8230;<\/p>\n<div class=\"wm-posts wm-posts-wrap clearfix wm-posts-post wm-posts-layout-default posts\"><div class=\"wm-posts-container wm-items-container with-margin\" data-columns=\"4\" data-time=\"0\" data-layout-mode=\"masonry\"><div class=\"wm-row with-margin\">\r\n<div class=\"wm-posts-item wm-posts-item-3489 wm-column width-1-4 with-margin has-thumbnail\">\r\n\r\n\t\r\n\r\n<article xd id=\"post-3489\" class=\"post-3489 post type-post status-publish format-standard has-post-thumbnail hentry category-eventi-de entry\">\r\n\r\n\t<div class=\"entry-media\"><figure class=\"post-thumbnail\"><a href=\"https:\/\/mamapartments.it\/de\/famiglia-lago-di-garda\/\"><img loading=\"lazy\" decoding=\"async\" width=\"731\" height=\"365\" src=\"https:\/\/mamapartments.it\/wp-content\/uploads\/2022\/02\/niu-ndf-731x365.jpg\" class=\"attachment-monument_valley-thumbnail size-monument_valley-thumbnail wp-post-image\" alt=\"Notte di fiaba Riva del Garda\" \/><\/a><\/figure><\/div><header class=\"entry-header\"><h2 class=\"entry-title\"><a href=\"https:\/\/mamapartments.it\/de\/famiglia-lago-di-garda\/\" rel=\"bookmark\">NOTTE DI FIABA<\/a><\/h2><\/header>\n<footer class=\"entry-meta\">\n<span class=\"entry-meta-element entry-date posted-on\">\n\t<span class=\"entry-meta-description\">\n\t\tPosted on:\t<\/span>\n\t\t\t<a href=\"https:\/\/mamapartments.it\/de\/famiglia-lago-di-garda\/\" rel=\"bookmark\">\n\t\t\t<time datetime=\"2022-02-18T19:09:13+01:00\" class=\"published\" title=\"18. Februar 2022 | 19:09\">\n\t\t\t\t18. Februar 2022\t\t\t<\/time>\n\t\t<\/a>\n\t\t<time class=\"updated\" datetime=\"2023-03-10T15:32:39+01:00\">\n\t\t10. M\u00e4rz 2023\t<\/time>\n<\/span>\n\n<span class=\"entry-meta-element byline author vcard\">\n\t<span class=\"entry-meta-description\">\n\t\tWritten by:\t<\/span>\n\t<a href=\"https:\/\/mamapartments.it\/de\/author\/residencetrieste\/\" class=\"url fn n\" rel=\"author\">\n\t\tResidenceTrieste ResidenceTrieste\t<\/a>\n<\/span>\n<\/footer>\n<h2 style=\"max-width:100%;margin-bottom:20px;\" class=\"page-title h1 intro-title\"><\/h2>\r\n\t<div class=\"entry-content\"><div class=\"entry-summary\">\n<div class=\"entry-summary\">\nSeit \u00fcber sechzig Jahren begr\u00fc\u00dft Riva del Garda den Sommer mit einem Fest voller Spa\u00df und Fantasie! Jedes Jahr wird die Stadt buchst\u00e4blich von Shows, Workshops, Spielen, Konzerten und Geschichten mit Vorschl\u00e4gen f\u00fcr alle Altersgruppen \u00fcberfallen, die alle ausschlie\u00dflich zum&hellip;\n<\/div>\n<div class=\"link-more\"><a href=\"https:\/\/mamapartments.it\/de\/famiglia-lago-di-garda\/\" class=\"more-link\">Mehr lesen<span class=\"screen-reader-text\"> &ldquo;NOTTE DI FIABA&rdquo;<\/span>\u2026<\/a><\/div>\n<\/div>\n<div class=\"link-more\"><a href=\"https:\/\/mamapartments.it\/de\/famiglia-lago-di-garda\/\" class=\"more-link\">Mehr lesen<span class=\"screen-reader-text\"> &ldquo;NOTTE DI FIABA&rdquo;<\/span>\u2026<\/a><\/div>\n<\/div>\r\n\r\n\t\r\n<\/article>\r\n\r\n\r\n<\/div>\r\n\r\n<div class=\"wm-posts-item wm-posts-item-3476 wm-column width-1-4 with-margin alt has-thumbnail\">\r\n\r\n\t\r\n\r\n<article xd id=\"post-3476\" class=\"post-3476 post type-post status-publish format-standard has-post-thumbnail hentry category-eventi-de entry\">\r\n\r\n\t<div class=\"entry-media\"><figure class=\"post-thumbnail\"><a href=\"https:\/\/mamapartments.it\/de\/mtb\/\"><img loading=\"lazy\" decoding=\"async\" width=\"731\" height=\"365\" src=\"https:\/\/mamapartments.it\/wp-content\/uploads\/2022\/02\/niu-bf-731x365.jpg\" class=\"attachment-monument_valley-thumbnail size-monument_valley-thumbnail wp-post-image\" alt=\"bike mtb ebike\" \/><\/a><\/figure><\/div><header class=\"entry-header\"><h2 class=\"entry-title\"><a href=\"https:\/\/mamapartments.it\/de\/mtb\/\" rel=\"bookmark\">BIKE FESTIVAL FSA<\/a><\/h2><\/header>\n<footer class=\"entry-meta\">\n<span class=\"entry-meta-element entry-date posted-on\">\n\t<span class=\"entry-meta-description\">\n\t\tPosted on:\t<\/span>\n\t\t\t<a href=\"https:\/\/mamapartments.it\/de\/mtb\/\" rel=\"bookmark\">\n\t\t\t<time datetime=\"2022-02-18T18:53:48+01:00\" class=\"published\" title=\"18. Februar 2022 | 18:53\">\n\t\t\t\t18. Februar 2022\t\t\t<\/time>\n\t\t<\/a>\n\t\t<time class=\"updated\" datetime=\"2023-03-10T15:13:16+01:00\">\n\t\t10. M\u00e4rz 2023\t<\/time>\n<\/span>\n\n<span class=\"entry-meta-element byline author vcard\">\n\t<span class=\"entry-meta-description\">\n\t\tWritten by:\t<\/span>\n\t<a href=\"https:\/\/mamapartments.it\/de\/author\/residencetrieste\/\" class=\"url fn n\" rel=\"author\">\n\t\tResidenceTrieste ResidenceTrieste\t<\/a>\n<\/span>\n<\/footer>\n<h2 style=\"max-width:100%;margin-bottom:20px;\" class=\"page-title h1 intro-title\"><\/h2>\r\n\t<div class=\"entry-content\"><div class=\"entry-summary\">\nVom 28. April bis 1. Mai 2023 erwartet Sie Riva del Garda zum unumg\u00e4nglichen Termin mit Mountainbike-Freunden. F\u00fcr alle MTB-Fans die Chance, die besten Marken zu sehen und die besten Radtouren am Gardasee zu genie\u00dfen. Eine tolle Party auf R\u00e4dern!\n<\/div>\n<div class=\"link-more\"><a href=\"https:\/\/mamapartments.it\/de\/mtb\/\" class=\"more-link\">Mehr lesen<span class=\"screen-reader-text\"> &ldquo;BIKE FESTIVAL FSA&rdquo;<\/span>\u2026<\/a><\/div>\n<\/div>\r\n\r\n\t\r\n<\/article>\r\n\r\n\r\n<\/div>\r\n<\/div><\/div><\/div>","protected":false},"excerpt":{"rendered":"<div class=\"entry-summary\">\n<strong>Web accessibility<\/strong> refers to the inclusive practice of removing barriers that prevent interaction with, or access to websites, by people with disabilities.<br \/><em>The <strong>Monument Valley<\/strong> theme is ready for you to create accessible websites!<\/em>\n<\/div>\n<div class=\"link-more\"><a href=\"https:\/\/mamapartments.it\/de\/mtb\/\" class=\"more-link\">Mehr lesen<span class=\"screen-reader-text\"> &ldquo;BIKE FESTIVAL FSA&rdquo;<\/span>\u2026<\/a><\/div>\n","protected":false},"author":1,"featured_media":0,"parent":0,"menu_order":0,"comment_status":"closed","ping_status":"closed","template":"templates\/no-intro.php","meta":{"_acf_changed":false,"footnotes":""},"class_list":["post-2328","page","type-page","status-publish","hentry","entry"],"acf":[],"yoast_head":"<!-- This site is optimized with the Yoast SEO plugin v26.8 - https:\/\/yoast.com\/product\/yoast-seo-wordpress\/ -->\n<title>EVENTI - MAMA Apartments<\/title>\n<meta name=\"robots\" content=\"index, follow, max-snippet:-1, max-image-preview:large, max-video-preview:-1\" \/>\n<link rel=\"canonical\" href=\"https:\/\/mamapartments.it\/de\/riva-del-garda-eventi\/\" \/>\n<meta property=\"og:locale\" content=\"de_DE\" \/>\n<meta property=\"og:type\" content=\"article\" \/>\n<meta property=\"og:title\" content=\"EVENTI - MAMA Apartments\" \/>\n<meta property=\"og:description\" content=\"Web accessibility refers to the inclusive practice of removing barriers that prevent interaction with, or access to websites, by people with disabilities.The Monument Valley theme is ready for you to create accessible websites! Mehr lesen &ldquo;BIKE FESTIVAL FSA&rdquo;\u2026\" \/>\n<meta property=\"og:url\" content=\"https:\/\/mamapartments.it\/de\/riva-del-garda-eventi\/\" \/>\n<meta property=\"og:site_name\" content=\"MAMA Apartments\" \/>\n<meta property=\"article:modified_time\" content=\"2021-04-03T10:45:10+00:00\" \/>\n<meta name=\"twitter:card\" content=\"summary_large_image\" \/>\n<script type=\"application\/ld+json\" class=\"yoast-schema-graph\">{\"@context\":\"https:\/\/schema.org\",\"@graph\":[{\"@type\":\"WebPage\",\"@id\":\"https:\/\/mamapartments.it\/de\/riva-del-garda-eventi\/\",\"url\":\"https:\/\/mamapartments.it\/de\/riva-del-garda-eventi\/\",\"name\":\"EVENTI - MAMA Apartments\",\"isPartOf\":{\"@id\":\"https:\/\/mamapartments.it\/#website\"},\"datePublished\":\"2020-03-19T11:33:34+00:00\",\"dateModified\":\"2021-04-03T10:45:10+00:00\",\"breadcrumb\":{\"@id\":\"https:\/\/mamapartments.it\/de\/riva-del-garda-eventi\/#breadcrumb\"},\"inLanguage\":\"de\",\"potentialAction\":[{\"@type\":\"ReadAction\",\"target\":[\"https:\/\/mamapartments.it\/de\/riva-del-garda-eventi\/\"]}]},{\"@type\":\"BreadcrumbList\",\"@id\":\"https:\/\/mamapartments.it\/de\/riva-del-garda-eventi\/#breadcrumb\",\"itemListElement\":[{\"@type\":\"ListItem\",\"position\":1,\"name\":\"Home\",\"item\":\"https:\/\/mamapartments.it\/de\/\"},{\"@type\":\"ListItem\",\"position\":2,\"name\":\"EVENTI\"}]},{\"@type\":\"WebSite\",\"@id\":\"https:\/\/mamapartments.it\/#website\",\"url\":\"https:\/\/mamapartments.it\/\",\"name\":\"MAMA Apartments\",\"description\":\"Riva del Garda   +39 0464 556744\",\"publisher\":{\"@id\":\"https:\/\/mamapartments.it\/#organization\"},\"potentialAction\":[{\"@type\":\"SearchAction\",\"target\":{\"@type\":\"EntryPoint\",\"urlTemplate\":\"https:\/\/mamapartments.it\/?s={search_term_string}\"},\"query-input\":{\"@type\":\"PropertyValueSpecification\",\"valueRequired\":true,\"valueName\":\"search_term_string\"}}],\"inLanguage\":\"de\"},{\"@type\":\"Organization\",\"@id\":\"https:\/\/mamapartments.it\/#organization\",\"name\":\"MAMA Apartments\",\"url\":\"https:\/\/mamapartments.it\/\",\"logo\":{\"@type\":\"ImageObject\",\"inLanguage\":\"de\",\"@id\":\"https:\/\/mamapartments.it\/#\/schema\/logo\/image\/\",\"url\":\"https:\/\/mamapartments.it\/wp-content\/uploads\/2025\/02\/MAMA_apartments_DEF_4.png\",\"contentUrl\":\"https:\/\/mamapartments.it\/wp-content\/uploads\/2025\/02\/MAMA_apartments_DEF_4.png\",\"width\":1532,\"height\":1228,\"caption\":\"MAMA Apartments\"},\"image\":{\"@id\":\"https:\/\/mamapartments.it\/#\/schema\/logo\/image\/\"}}]}<\/script>\n<!-- \/ Yoast SEO plugin. -->","yoast_head_json":{"title":"EVENTI - MAMA Apartments","robots":{"index":"index","follow":"follow","max-snippet":"max-snippet:-1","max-image-preview":"max-image-preview:large","max-video-preview":"max-video-preview:-1"},"canonical":"https:\/\/mamapartments.it\/de\/riva-del-garda-eventi\/","og_locale":"de_DE","og_type":"article","og_title":"EVENTI - MAMA Apartments","og_description":"Web accessibility refers to the inclusive practice of removing barriers that prevent interaction with, or access to websites, by people with disabilities.The Monument Valley theme is ready for you to create accessible websites! Mehr lesen &ldquo;BIKE FESTIVAL FSA&rdquo;\u2026","og_url":"https:\/\/mamapartments.it\/de\/riva-del-garda-eventi\/","og_site_name":"MAMA Apartments","article_modified_time":"2021-04-03T10:45:10+00:00","twitter_card":"summary_large_image","schema":{"@context":"https:\/\/schema.org","@graph":[{"@type":"WebPage","@id":"https:\/\/mamapartments.it\/de\/riva-del-garda-eventi\/","url":"https:\/\/mamapartments.it\/de\/riva-del-garda-eventi\/","name":"EVENTI - MAMA Apartments","isPartOf":{"@id":"https:\/\/mamapartments.it\/#website"},"datePublished":"2020-03-19T11:33:34+00:00","dateModified":"2021-04-03T10:45:10+00:00","breadcrumb":{"@id":"https:\/\/mamapartments.it\/de\/riva-del-garda-eventi\/#breadcrumb"},"inLanguage":"de","potentialAction":[{"@type":"ReadAction","target":["https:\/\/mamapartments.it\/de\/riva-del-garda-eventi\/"]}]},{"@type":"BreadcrumbList","@id":"https:\/\/mamapartments.it\/de\/riva-del-garda-eventi\/#breadcrumb","itemListElement":[{"@type":"ListItem","position":1,"name":"Home","item":"https:\/\/mamapartments.it\/de\/"},{"@type":"ListItem","position":2,"name":"EVENTI"}]},{"@type":"WebSite","@id":"https:\/\/mamapartments.it\/#website","url":"https:\/\/mamapartments.it\/","name":"MAMA Apartments","description":"Riva del Garda   +39 0464 556744","publisher":{"@id":"https:\/\/mamapartments.it\/#organization"},"potentialAction":[{"@type":"SearchAction","target":{"@type":"EntryPoint","urlTemplate":"https:\/\/mamapartments.it\/?s={search_term_string}"},"query-input":{"@type":"PropertyValueSpecification","valueRequired":true,"valueName":"search_term_string"}}],"inLanguage":"de"},{"@type":"Organization","@id":"https:\/\/mamapartments.it\/#organization","name":"MAMA Apartments","url":"https:\/\/mamapartments.it\/","logo":{"@type":"ImageObject","inLanguage":"de","@id":"https:\/\/mamapartments.it\/#\/schema\/logo\/image\/","url":"https:\/\/mamapartments.it\/wp-content\/uploads\/2025\/02\/MAMA_apartments_DEF_4.png","contentUrl":"https:\/\/mamapartments.it\/wp-content\/uploads\/2025\/02\/MAMA_apartments_DEF_4.png","width":1532,"height":1228,"caption":"MAMA Apartments"},"image":{"@id":"https:\/\/mamapartments.it\/#\/schema\/logo\/image\/"}}]}},"_links":{"self":[{"href":"https:\/\/mamapartments.it\/de\/wp-json\/wp\/v2\/pages\/2328","targetHints":{"allow":["GET"]}}],"collection":[{"href":"https:\/\/mamapartments.it\/de\/wp-json\/wp\/v2\/pages"}],"about":[{"href":"https:\/\/mamapartments.it\/de\/wp-json\/wp\/v2\/types\/page"}],"author":[{"embeddable":true,"href":"https:\/\/mamapartments.it\/de\/wp-json\/wp\/v2\/users\/1"}],"replies":[{"embeddable":true,"href":"https:\/\/mamapartments.it\/de\/wp-json\/wp\/v2\/comments?post=2328"}],"version-history":[{"count":1,"href":"https:\/\/mamapartments.it\/de\/wp-json\/wp\/v2\/pages\/2328\/revisions"}],"predecessor-version":[{"id":3323,"href":"https:\/\/mamapartments.it\/de\/wp-json\/wp\/v2\/pages\/2328\/revisions\/3323"}],"wp:attachment":[{"href":"https:\/\/mamapartments.it\/de\/wp-json\/wp\/v2\/media?parent=2328"}],"curies":[{"name":"wp","href":"https:\/\/api.w.org\/{rel}","templated":true}]}}