{"id":2338,"date":"2020-03-19T10:36:49","date_gmt":"2020-03-19T10:36:49","guid":{"rendered":"https:\/\/www.mamapartments.it\/riva-del-garda-offerte\/"},"modified":"2021-04-03T12:20:39","modified_gmt":"2021-04-03T10:20:39","slug":"riva-del-garda-offerte","status":"publish","type":"page","link":"https:\/\/mamapartments.it\/de\/riva-del-garda-offerte\/","title":{"rendered":"OFFERTE"},"content":{"rendered":"<h1><i>Ihnen gewidmete angebote<\/i><\/h1>\n\t<h1><b><i>danke Sie uns gew\u00e4hlt haben\u00a0<\/i><\/b><\/h1>\n\t<p>So viele Gelegenheiten zum Entdecken. Erm\u00e4\u00dfigungen, Freikarten und viele andere Dienstleistungen stehen zur Verf\u00fcgung, um Ihren Urlaub noch angenehmer zu gestalten..<\/p>\n<div class=\"wm-posts wm-posts-wrap clearfix wm-posts-post wm-posts-layout-default posts\"><div class=\"wm-posts-container wm-items-container with-margin\" data-columns=\"3\" data-time=\"0\" data-layout-mode=\"masonry\"><div class=\"wm-row with-margin\">\r\n<div class=\"wm-posts-item wm-posts-item-2895 wm-column width-1-3 with-margin has-thumbnail\">\r\n\r\n\t\r\n\r\n<article xd id=\"post-2895\" class=\"post-2895 post type-post status-publish format-standard has-post-thumbnail hentry category-angebote entry\">\r\n\r\n\t<div class=\"entry-media\"><figure class=\"post-thumbnail\"><a href=\"https:\/\/mamapartments.it\/de\/garda-guest-card-promozioni-trentino-lago-di-garda\/\"><img loading=\"lazy\" decoding=\"async\" width=\"731\" height=\"365\" src=\"https:\/\/mamapartments.it\/wp-content\/uploads\/2020\/02\/guest_card_2016-731x365.png\" class=\"attachment-monument_valley-thumbnail size-monument_valley-thumbnail wp-post-image\" alt=\"\" \/><\/a><\/figure><\/div><header class=\"entry-header\"><h2 class=\"entry-title\"><a href=\"https:\/\/mamapartments.it\/de\/garda-guest-card-promozioni-trentino-lago-di-garda\/\" rel=\"bookmark\">Garda Guest Card<\/a><\/h2><\/header>\n<footer class=\"entry-meta\">\n<span class=\"entry-meta-element entry-date posted-on\">\n\t<span class=\"entry-meta-description\">\n\t\tPosted on:\t<\/span>\n\t\t\t<a href=\"https:\/\/mamapartments.it\/de\/garda-guest-card-promozioni-trentino-lago-di-garda\/\" rel=\"bookmark\">\n\t\t\t<time datetime=\"2020-03-21T12:06:12+01:00\" class=\"published\" title=\"21. M\u00e4rz 2020 | 12:06\">\n\t\t\t\t21. M\u00e4rz 2020\t\t\t<\/time>\n\t\t<\/a>\n\t\t<time class=\"updated\" datetime=\"2023-04-13T18:08:02+02:00\">\n\t\t13. April 2023\t<\/time>\n<\/span>\n\n<span class=\"entry-meta-element byline author vcard\">\n\t<span class=\"entry-meta-description\">\n\t\tWritten by:\t<\/span>\n\t<a href=\"https:\/\/mamapartments.it\/de\/author\/residencetrieste\/\" class=\"url fn n\" rel=\"author\">\n\t\tResidenceTrieste ResidenceTrieste\t<\/a>\n<\/span>\n<\/footer>\n<h2 style=\"max-width:100%;margin-bottom:20px;\" class=\"page-title h1 intro-title\"><\/h2>\r\n\t<div class=\"entry-content\"><div class=\"entry-summary\">\n<div class=\"entry-summary\">\nDie Garda Guest Card ist viel mehr als nur ein Touristenpass: Sie ist eine neue Art und Weise, Ihren Urlaub im Trentino zu genie\u00dfen. Es erm\u00f6glicht den Zugang zu den wichtigsten Museen (angefangen beim Museum von Riva del Garda, das&hellip;\n<\/div>\n<div class=\"link-more\"><a href=\"https:\/\/mamapartments.it\/de\/garda-guest-card-promozioni-trentino-lago-di-garda\/\" class=\"more-link\">Mehr lesen<span class=\"screen-reader-text\"> &ldquo;Garda Guest Card&rdquo;<\/span>\u2026<\/a><\/div>\n<\/div>\n<div class=\"link-more\"><a href=\"https:\/\/mamapartments.it\/de\/garda-guest-card-promozioni-trentino-lago-di-garda\/\" class=\"more-link\">Mehr lesen<span class=\"screen-reader-text\"> &ldquo;Garda Guest Card&rdquo;<\/span>\u2026<\/a><\/div>\n<\/div>\r\n\r\n\t\r\n<\/article>\r\n\r\n\r\n<\/div>\r\n\r\n<div class=\"wm-posts-item wm-posts-item-2900 wm-column width-1-3 with-margin alt has-thumbnail\">\r\n\r\n\t\r\n\r\n<article xd id=\"post-2900\" class=\"post-2900 post type-post status-publish format-standard has-post-thumbnail hentry category-angebote entry\">\r\n\r\n\t<div class=\"entry-media\"><figure class=\"post-thumbnail\"><a href=\"https:\/\/mamapartments.it\/de\/die-genuessigkeit-gut-zu-essen\/\"><img loading=\"lazy\" decoding=\"async\" width=\"500\" height=\"365\" src=\"https:\/\/mamapartments.it\/wp-content\/uploads\/2020\/03\/Vacanze-con-gusto-500x365.jpg\" class=\"attachment-monument_valley-thumbnail size-monument_valley-thumbnail wp-post-image\" alt=\"locandina vacanze con gusto con piatto al centro vuoto e posate laterali\" \/><\/a><\/figure><\/div><header class=\"entry-header\"><h2 class=\"entry-title\"><a href=\"https:\/\/mamapartments.it\/de\/die-genuessigkeit-gut-zu-essen\/\" rel=\"bookmark\">Die Gen\u00fcssigkeit gut zu essen<\/a><\/h2><\/header>\n<footer class=\"entry-meta\">\n<span class=\"entry-meta-element entry-date posted-on\">\n\t<span class=\"entry-meta-description\">\n\t\tPosted on:\t<\/span>\n\t\t\t<a href=\"https:\/\/mamapartments.it\/de\/die-genuessigkeit-gut-zu-essen\/\" rel=\"bookmark\">\n\t\t\t<time datetime=\"2020-03-21T10:39:23+01:00\" class=\"published\" title=\"21. M\u00e4rz 2020 | 10:39\">\n\t\t\t\t21. M\u00e4rz 2020\t\t\t<\/time>\n\t\t<\/a>\n\t\t<time class=\"updated\" datetime=\"2021-04-03T12:39:12+02:00\">\n\t\t3. April 2021\t<\/time>\n<\/span>\n\n<span class=\"entry-meta-element byline author vcard\">\n\t<span class=\"entry-meta-description\">\n\t\tWritten by:\t<\/span>\n\t<a href=\"https:\/\/mamapartments.it\/de\/author\/residencetrieste\/\" class=\"url fn n\" rel=\"author\">\n\t\tResidenceTrieste ResidenceTrieste\t<\/a>\n<\/span>\n<\/footer>\n<h2 style=\"max-width:100%;margin-bottom:20px;\" class=\"page-title h1 intro-title\"><\/h2>\r\n\t<div class=\"entry-content\"><div class=\"entry-summary\">\nEssen ist eine der Freuden des Lebens, und man muss es gut machen. Wenn Sie an einen unbekannten Ort aufbrechen, sind Sie immer auf der Suche nach einem Lokal, an dem Sie gut essen und die lokalen Aromen entdecken k\u00f6nnen.&hellip;\n<\/div>\n<div class=\"link-more\"><a href=\"https:\/\/mamapartments.it\/de\/die-genuessigkeit-gut-zu-essen\/\" class=\"more-link\">Mehr lesen<span class=\"screen-reader-text\"> &ldquo;Die Gen\u00fcssigkeit gut zu essen&rdquo;<\/span>\u2026<\/a><\/div>\n<\/div>\r\n\r\n\t\r\n<\/article>\r\n\r\n\r\n<\/div>\r\n<\/div><\/div><\/div>","protected":false},"excerpt":{"rendered":"<div class=\"entry-summary\">\n<strong>Web accessibility<\/strong> refers to the inclusive practice of removing barriers that prevent interaction with, or access to websites, by people with disabilities.<br \/><em>The <strong>Monument Valley<\/strong> theme is ready for you to create accessible websites!<\/em>\n<\/div>\n<div class=\"link-more\"><a href=\"https:\/\/mamapartments.it\/de\/die-genuessigkeit-gut-zu-essen\/\" class=\"more-link\">Mehr lesen<span class=\"screen-reader-text\"> &ldquo;Die Gen\u00fcssigkeit gut zu essen&rdquo;<\/span>\u2026<\/a><\/div>\n","protected":false},"author":1,"featured_media":0,"parent":0,"menu_order":0,"comment_status":"closed","ping_status":"closed","template":"templates\/no-intro.php","meta":{"_acf_changed":false,"footnotes":""},"class_list":["post-2338","page","type-page","status-publish","hentry","entry"],"acf":[],"yoast_head":"<!-- This site is optimized with the Yoast SEO plugin v26.8 - https:\/\/yoast.com\/product\/yoast-seo-wordpress\/ -->\n<title>OFFERTE - MAMA Apartments<\/title>\n<meta name=\"robots\" content=\"index, follow, max-snippet:-1, max-image-preview:large, max-video-preview:-1\" \/>\n<link rel=\"canonical\" href=\"https:\/\/mamapartments.it\/de\/riva-del-garda-offerte\/\" \/>\n<meta property=\"og:locale\" content=\"de_DE\" \/>\n<meta property=\"og:type\" content=\"article\" \/>\n<meta property=\"og:title\" content=\"OFFERTE - MAMA Apartments\" \/>\n<meta property=\"og:description\" content=\"Web accessibility refers to the inclusive practice of removing barriers that prevent interaction with, or access to websites, by people with disabilities.The Monument Valley theme is ready for you to create accessible websites! Mehr lesen &ldquo;Die Gen\u00fcssigkeit gut zu essen&rdquo;\u2026\" \/>\n<meta property=\"og:url\" content=\"https:\/\/mamapartments.it\/de\/riva-del-garda-offerte\/\" \/>\n<meta property=\"og:site_name\" content=\"MAMA Apartments\" \/>\n<meta property=\"article:modified_time\" content=\"2021-04-03T10:20:39+00:00\" \/>\n<meta name=\"twitter:card\" content=\"summary_large_image\" \/>\n<script type=\"application\/ld+json\" class=\"yoast-schema-graph\">{\"@context\":\"https:\/\/schema.org\",\"@graph\":[{\"@type\":\"WebPage\",\"@id\":\"https:\/\/mamapartments.it\/de\/riva-del-garda-offerte\/\",\"url\":\"https:\/\/mamapartments.it\/de\/riva-del-garda-offerte\/\",\"name\":\"OFFERTE - MAMA Apartments\",\"isPartOf\":{\"@id\":\"https:\/\/mamapartments.it\/#website\"},\"datePublished\":\"2020-03-19T10:36:49+00:00\",\"dateModified\":\"2021-04-03T10:20:39+00:00\",\"breadcrumb\":{\"@id\":\"https:\/\/mamapartments.it\/de\/riva-del-garda-offerte\/#breadcrumb\"},\"inLanguage\":\"de\",\"potentialAction\":[{\"@type\":\"ReadAction\",\"target\":[\"https:\/\/mamapartments.it\/de\/riva-del-garda-offerte\/\"]}]},{\"@type\":\"BreadcrumbList\",\"@id\":\"https:\/\/mamapartments.it\/de\/riva-del-garda-offerte\/#breadcrumb\",\"itemListElement\":[{\"@type\":\"ListItem\",\"position\":1,\"name\":\"Home\",\"item\":\"https:\/\/mamapartments.it\/de\/\"},{\"@type\":\"ListItem\",\"position\":2,\"name\":\"OFFERTE\"}]},{\"@type\":\"WebSite\",\"@id\":\"https:\/\/mamapartments.it\/#website\",\"url\":\"https:\/\/mamapartments.it\/\",\"name\":\"MAMA Apartments\",\"description\":\"Riva del Garda   +39 0464 556744\",\"publisher\":{\"@id\":\"https:\/\/mamapartments.it\/#organization\"},\"potentialAction\":[{\"@type\":\"SearchAction\",\"target\":{\"@type\":\"EntryPoint\",\"urlTemplate\":\"https:\/\/mamapartments.it\/?s={search_term_string}\"},\"query-input\":{\"@type\":\"PropertyValueSpecification\",\"valueRequired\":true,\"valueName\":\"search_term_string\"}}],\"inLanguage\":\"de\"},{\"@type\":\"Organization\",\"@id\":\"https:\/\/mamapartments.it\/#organization\",\"name\":\"MAMA Apartments\",\"url\":\"https:\/\/mamapartments.it\/\",\"logo\":{\"@type\":\"ImageObject\",\"inLanguage\":\"de\",\"@id\":\"https:\/\/mamapartments.it\/#\/schema\/logo\/image\/\",\"url\":\"https:\/\/mamapartments.it\/wp-content\/uploads\/2025\/02\/MAMA_apartments_DEF_4.png\",\"contentUrl\":\"https:\/\/mamapartments.it\/wp-content\/uploads\/2025\/02\/MAMA_apartments_DEF_4.png\",\"width\":1532,\"height\":1228,\"caption\":\"MAMA Apartments\"},\"image\":{\"@id\":\"https:\/\/mamapartments.it\/#\/schema\/logo\/image\/\"}}]}<\/script>\n<!-- \/ Yoast SEO plugin. -->","yoast_head_json":{"title":"OFFERTE - MAMA Apartments","robots":{"index":"index","follow":"follow","max-snippet":"max-snippet:-1","max-image-preview":"max-image-preview:large","max-video-preview":"max-video-preview:-1"},"canonical":"https:\/\/mamapartments.it\/de\/riva-del-garda-offerte\/","og_locale":"de_DE","og_type":"article","og_title":"OFFERTE - MAMA Apartments","og_description":"Web accessibility refers to the inclusive practice of removing barriers that prevent interaction with, or access to websites, by people with disabilities.The Monument Valley theme is ready for you to create accessible websites! Mehr lesen &ldquo;Die Gen\u00fcssigkeit gut zu essen&rdquo;\u2026","og_url":"https:\/\/mamapartments.it\/de\/riva-del-garda-offerte\/","og_site_name":"MAMA Apartments","article_modified_time":"2021-04-03T10:20:39+00:00","twitter_card":"summary_large_image","schema":{"@context":"https:\/\/schema.org","@graph":[{"@type":"WebPage","@id":"https:\/\/mamapartments.it\/de\/riva-del-garda-offerte\/","url":"https:\/\/mamapartments.it\/de\/riva-del-garda-offerte\/","name":"OFFERTE - MAMA Apartments","isPartOf":{"@id":"https:\/\/mamapartments.it\/#website"},"datePublished":"2020-03-19T10:36:49+00:00","dateModified":"2021-04-03T10:20:39+00:00","breadcrumb":{"@id":"https:\/\/mamapartments.it\/de\/riva-del-garda-offerte\/#breadcrumb"},"inLanguage":"de","potentialAction":[{"@type":"ReadAction","target":["https:\/\/mamapartments.it\/de\/riva-del-garda-offerte\/"]}]},{"@type":"BreadcrumbList","@id":"https:\/\/mamapartments.it\/de\/riva-del-garda-offerte\/#breadcrumb","itemListElement":[{"@type":"ListItem","position":1,"name":"Home","item":"https:\/\/mamapartments.it\/de\/"},{"@type":"ListItem","position":2,"name":"OFFERTE"}]},{"@type":"WebSite","@id":"https:\/\/mamapartments.it\/#website","url":"https:\/\/mamapartments.it\/","name":"MAMA Apartments","description":"Riva del Garda   +39 0464 556744","publisher":{"@id":"https:\/\/mamapartments.it\/#organization"},"potentialAction":[{"@type":"SearchAction","target":{"@type":"EntryPoint","urlTemplate":"https:\/\/mamapartments.it\/?s={search_term_string}"},"query-input":{"@type":"PropertyValueSpecification","valueRequired":true,"valueName":"search_term_string"}}],"inLanguage":"de"},{"@type":"Organization","@id":"https:\/\/mamapartments.it\/#organization","name":"MAMA Apartments","url":"https:\/\/mamapartments.it\/","logo":{"@type":"ImageObject","inLanguage":"de","@id":"https:\/\/mamapartments.it\/#\/schema\/logo\/image\/","url":"https:\/\/mamapartments.it\/wp-content\/uploads\/2025\/02\/MAMA_apartments_DEF_4.png","contentUrl":"https:\/\/mamapartments.it\/wp-content\/uploads\/2025\/02\/MAMA_apartments_DEF_4.png","width":1532,"height":1228,"caption":"MAMA Apartments"},"image":{"@id":"https:\/\/mamapartments.it\/#\/schema\/logo\/image\/"}}]}},"_links":{"self":[{"href":"https:\/\/mamapartments.it\/de\/wp-json\/wp\/v2\/pages\/2338","targetHints":{"allow":["GET"]}}],"collection":[{"href":"https:\/\/mamapartments.it\/de\/wp-json\/wp\/v2\/pages"}],"about":[{"href":"https:\/\/mamapartments.it\/de\/wp-json\/wp\/v2\/types\/page"}],"author":[{"embeddable":true,"href":"https:\/\/mamapartments.it\/de\/wp-json\/wp\/v2\/users\/1"}],"replies":[{"embeddable":true,"href":"https:\/\/mamapartments.it\/de\/wp-json\/wp\/v2\/comments?post=2338"}],"version-history":[{"count":1,"href":"https:\/\/mamapartments.it\/de\/wp-json\/wp\/v2\/pages\/2338\/revisions"}],"predecessor-version":[{"id":3316,"href":"https:\/\/mamapartments.it\/de\/wp-json\/wp\/v2\/pages\/2338\/revisions\/3316"}],"wp:attachment":[{"href":"https:\/\/mamapartments.it\/de\/wp-json\/wp\/v2\/media?parent=2338"}],"curies":[{"name":"wp","href":"https:\/\/api.w.org\/{rel}","templated":true}]}}