{"id":2341,"date":"2016-09-14T14:01:20","date_gmt":"2016-09-14T12:01:20","guid":{"rendered":"https:\/\/www.mamapartments.it\/servizi\/"},"modified":"2023-03-14T14:52:27","modified_gmt":"2023-03-14T13:52:27","slug":"leistungen","status":"publish","type":"page","link":"https:\/\/mamapartments.it\/de\/leistungen\/","title":{"rendered":"Leistungen"},"content":{"rendered":"<h1><i>ihr sorgenfreier urlaub<\/i><\/h1>\n\t<h1><b><i>W\u00e4hlen Sie den Ihnen gewidmeten dienst<\/i><\/b><\/h1>\n\t<p>Im Folgenden erfahren Sie, welche Dienstleistungen Ihren Aufenthalt in der Residenz verbessern.<\/p>\n\t<h3>Welcome Kit<\/h3>\n<h4><em>Kostenloser Dienst<\/em><\/h4>\n<p>Bei Ihrer Ankunft erhalten Sie von uns ein Willkommenspaket. In der Wohnung f\u00fcr Sie:<\/p>\n<ul>\n<li>Kaffee<\/li>\n<li>Tee<\/li>\n<li>Salz<\/li>\n<li>Zucker<\/li>\n<li>\u00d6l<\/li>\n<li>Essig<\/li>\n<li>Waschmittel f\u00fcr Waschmaschinen<\/li>\n<li>Sp\u00fclmittel<\/li>\n<li>Toilettenpapier<\/li>\n<li>K\u00fcchenhandtuchrolle<\/li>\n<li>Dusch-Shampoo<\/li>\n<li>Fl\u00fcssige Handseife<\/li>\n<\/ul>\n<p>&nbsp;<\/p>\n\t<h3>Leseecke<\/h3>\n<h4><em>Kostenloser Dienst<\/em><\/h4>\n<p>Sie\u00a0sind\u00a0im\u00a0Urlaub,\u00a0m\u00f6chten\u00a0aber\u00a0auf\u00a0dem\u00a0Laufenden\u00a0bleiben?\u00a0Es steht Ihnen eine Ecke zur Verf\u00fcgung, um die Nachrichten durch nationale Zeitungen zu lesen.<\/p>\n<p>Es gibt auch eine Buchhandlung mit einem breiten Angebot an B\u00fcchern in Italienisch und Fremdsprachen f\u00fcr Erwachsene und Kinder.<\/p>\n<p>F\u00fcr die Kleinen gibt es auch einige Spielsachen in der Wohnung.<\/p>\n<p>&nbsp;<\/p>\n<p>&nbsp;<\/p>\n\t<h3>Rad<\/h3>\n<h4><em>Kostenloser Dienst<\/em><\/h4>\n<p>Mit unserem Stadtrad k\u00f6nnen Sie sich bequem im Stadtzentrum fortbewegen oder die Seepromenade und ihre sch\u00f6nen Str\u00e4nde erreichen oder sogar eine Fahrt auf den zahlreichen Radwegen des Oberen Gardasees genie\u00dfen.<\/p>\nHaben\u00a0Sie\u00a0ein\u00a0eigenenFahrrad\u00a0oder\u00a0m\u00f6chten\u00a0Sie\u00a0es\u00a0mieten?<br \/>\nUnser Fahrradabstellraum ist Video\u00fcberwacht und alarmgesichert und der Zugang ist nur G\u00e4sten gestattet, die im Besitz von Fahrr\u00e4dern sind.\n<p>&nbsp;<\/p>\n<p>&nbsp;<\/p>\n\t<h3>Trentino Guest Card<\/h3>\n<h4><em>Kostenloser Dienst<\/em><\/h4>\nEs\u00a0ist\u00a0viel\u00a0mehr\u00a0als\u00a0nur\u00a0ein\u00a0Touristenpass:\u00a0Es\u00a0ist\u00a0eine\u00a0neue\u00a0Art,\u00a0Ihren\u00a0Urlaub\u00a0im\u00a0Trentino\u00a0zu\u00a0genie\u00dfen.<br \/>\nSie erm\u00f6glicht Ihnen den kostenlosen oder erm\u00e4\u00dfigten Eintritt in die wichtigsten Museen, Schl\u00f6sser und Naturparks, die Nutzung der \u00f6ffentlichen Verkehrsmittel und damit die Vermeidung von Verkehr und Parken, Erm\u00e4\u00dfigungen in den angeschlossenen Einrichtungen und den Zugang zu exklusiven Dienstleistungen wie F\u00fchrungen, Springtouren und Verkostungen. Finden Sie mit uns heraus, wie Sie esbekommen k\u00f6nnen&#8230;\n<p>&nbsp;<\/p>\n<p>&nbsp;<\/p>\n\t<h3>Transfer<\/h3>\n<h4><em>Gegen Geb\u00fchr<\/em><\/h4>\n<p>Wir bieten ShuttleDienste von und zu Bahnh\u00f6fen und Flugh\u00e4fen sowie zu anderen Zielen f\u00fcr Tagesausfl\u00fcge und\/oder andere Bed\u00fcrfnisse innerhalb des Gebiets an. F\u00fcr unserer Organisationen wird der Dienst nur auf Anfrage durchgef\u00fchrt.<\/p>\n<p>Auch bei Transfers von Personen mit eingeschr\u00e4nkter Mobilit\u00e4t sind wir\u00a0 auf\u00a0lokale\u00a0Dienste\u00a0angewiesen.<\/p>\n<p><em>Ab \u20ac 30 einfache Fahrt<\/em><\/p>\n\t<h3>Vierbeinige Freunde<\/h3>\n<h4><em>Gegen Geb\u00fchr nur im Monolocale Studio Standard und Loft standard<\/em><\/h4>\n<p>Alle Haustiere sind gegen eine Geb\u00fchr erlaubt, solange ihre Besitzer h\u00f6flich sind und wissen, wie man das Haus, in dem sie untergebracht sind, respektieren.<\/p>\n<p>F\u00fcr sie dachten wir an ein Set, das sie sp\u00fcren l\u00e4sst, wie sehr wir auch Tiere lieben.<\/p>\n<ul>\n<li>weicher Zwinger<\/li>\n<li>weiches Plaid<\/li>\n<li>Schlafplatz f\u00fcr Bed\u00fcrftige<\/li>\n<li>Platzset mit Wasser und Futternapf<\/li>\n<\/ul>\n<p><em>\u20ac 10 pro Tag\/Tier<\/em><\/p>\n<p>&nbsp;<\/p>\n<p>&nbsp;<\/p>\n\t<h3>Baby Set<\/h3>\n<h4><em>Gegen Geb\u00fchr<\/em><\/h4>\n<p>Wir k\u00fcmmern uns um Ihre Kleinen und Sie sparen Platz im Auto. Ein komplettes Kit, damit sie auch mit Ihnen entspannte Nickerchen und angenehme Mahlzeiten am Tisch verbringen k\u00f6nnen.<\/p>\n<ul>\n<li>Krippe\/Bett<\/li>\n<li>Bettw\u00e4sche-Set<\/li>\n<li>Bademantel<\/li>\n<li>Wickeltisch<\/li>\n<li>kleine Badewanne<\/li>\n<li>Hochstuhl<\/li>\n<\/ul>\n<p><em>\u20ac 10 pro\u00a0Tag\/Kind<\/em><\/p>\n\t<h3>Garantierter Parkplatz<\/h3>\n<h4><em>Gegen Geb\u00fchr<\/em><\/h4>\n<p>Die Position der Struktur erlaubt es dem Reisenden, sich in v\u00f6lliger Autonomie zu bewegen, ohne den Wagen zu benutzen. Da sie sich im historischen Zentrum befinden, sind st\u00e4dtische Parkpl\u00e4tze jedoch nicht immer leicht zu finden. Aus diesem Grund bieten wir unseren G\u00e4sten die M\u00f6glichkeit, einen eigenen Parkplatz in der nur 100mt entfernten Garage zu reservieren.<\/p>\n<ul>\n<li>Garage GARDACAR &#8211; via Bastione, 6<\/li>\n<li>Garage MONTEORO SUD &#8211; via Monte Oro, 20<\/li>\n<\/ul>\n<p><em>\u20ac 10 Tage\/Auto<\/em><\/p>\n<p>&nbsp;<\/p>\n\t<h3>MTB Tour<\/h3>\n<h4><em>Gegen Geb\u00fchr<\/em><\/h4>\n<p>Um an einer unserer Touren teilzunehmen, die sie im Abschnitt &#8222;Was zu tun&#8220; sind, k\u00f6nnen Sie Ihre MTB sowohl muskul\u00e4r als auch elektrisch mitbringen. Wenn Sie es mieten m\u00f6chten, bieten wir Ihnen einen Rabatt von 10% in einem der Gesch\u00e4fte mit Top-Marken.<\/p>\n<p><em>Ab \u20ac 50 tour\/fewo<\/em><\/p>\n<div class=\"wm-testimonials wm-posts-wrap clearfix\"><div class=\"wm-testimonials-container wm-items-container with-margin\" data-columns=\"4\" data-time=\"0\"><div class=\"wm-row\"><article class=\"wm-testimonials-item wm-testimonials-item-227 wm-column width-1-4 with-margin testimonial_category-ita has-thumbnail\"><h2 class=\"screen-reader-text\">Anonimo<\/h2><blockquote class=\"wm-testimonials-element wm-html-element content\"><p>Soggiorno molto piacevole grazie alla disponibilit\u00e0 dei locatari ad accogliere anche i nostri due cani. Appartamento molto confortevole, pulitissimo, attrezzato ed in posizione strategica per il bel centro di Riva del Garda.<\/p>\n<\/blockquote><cite class=\"wm-testimonials-element wm-html-element source\"><a href=\"https:\/\/www.webmandesign.eu\" target=\"_blank\"><span class=\"wm-testimonials-element wm-html-element image image-container\"><img loading=\"lazy\" decoding=\"async\" width=\"448\" height=\"448\" src=\"https:\/\/mamapartments.it\/wp-content\/uploads\/2016\/09\/anonimo-448x448.png\" class=\"attachment-monument_valley-square size-monument_valley-square wp-post-image\" alt=\"\" title=\"anonimo\" srcset=\"https:\/\/mamapartments.it\/wp-content\/uploads\/2016\/09\/anonimo-448x448.png 448w, https:\/\/mamapartments.it\/wp-content\/uploads\/2016\/09\/anonimo-300x300.png 300w, https:\/\/mamapartments.it\/wp-content\/uploads\/2016\/09\/anonimo-150x150.png 150w, https:\/\/mamapartments.it\/wp-content\/uploads\/2016\/09\/anonimo-100x100.png 100w, https:\/\/mamapartments.it\/wp-content\/uploads\/2016\/09\/anonimo.png 512w\" sizes=\"auto, (max-width: 448px) 100vw, 448px\" \/><\/span><span class=\"wm-testimonials-element wm-html-element author\">Anonimo<\/span><\/a><\/cite><\/article><article class=\"wm-testimonials-item wm-testimonials-item-226 wm-column width-1-4 with-margin alt testimonial_category-ita has-thumbnail\"><h2 class=\"screen-reader-text\">Valeria<\/h2><blockquote class=\"wm-testimonials-element wm-html-element content\"><p>Appartamento molto spazioso e super attrezzato con tanto di 2 bagni, baby set con lettino, fasciatoio, seggiolone e vaschetta. Cucina attrezzata con un po' di caff\u00e8, zucchero, sale a disposizione. Ottima posizione a due passi dal lago e presenza di un buon ristorante accanto alla porta di ingresso. Gestore molto cordiale e disponibile.<\/p>\n<\/blockquote><cite class=\"wm-testimonials-element wm-html-element source\"><a href=\"https:\/\/www.webmandesign.eu\" target=\"_blank\"><span class=\"wm-testimonials-element wm-html-element image image-container\"><img loading=\"lazy\" decoding=\"async\" width=\"448\" height=\"448\" src=\"https:\/\/mamapartments.it\/wp-content\/uploads\/2016\/09\/donna-448x448.png\" class=\"attachment-monument_valley-square size-monument_valley-square wp-post-image\" alt=\"\" title=\"donna\" srcset=\"https:\/\/mamapartments.it\/wp-content\/uploads\/2016\/09\/donna-448x448.png 448w, https:\/\/mamapartments.it\/wp-content\/uploads\/2016\/09\/donna-300x300.png 300w, https:\/\/mamapartments.it\/wp-content\/uploads\/2016\/09\/donna-150x150.png 150w, https:\/\/mamapartments.it\/wp-content\/uploads\/2016\/09\/donna-100x100.png 100w, https:\/\/mamapartments.it\/wp-content\/uploads\/2016\/09\/donna.png 512w\" sizes=\"auto, (max-width: 448px) 100vw, 448px\" \/><\/span><span class=\"wm-testimonials-element wm-html-element author\">Valeria<\/span><\/a><\/cite><\/article><article class=\"wm-testimonials-item wm-testimonials-item-224 wm-column width-1-4 with-margin testimonial_category-deu has-thumbnail\"><h2 class=\"screen-reader-text\">Famiglia Reiter<\/h2><blockquote class=\"wm-testimonials-element wm-html-element content\"><p>Hier ist man nicht nur Gast.<br \/>\nMan wird schon sehr freundschaftlich, fast famili\u00e4r empfangen und behandelt.<br \/>\nDadurch hat jeder Aufenthalt einen sehr sch\u00f6nen , bleibenden Eindruck hinterlassen.<\/p>\n<\/blockquote><cite class=\"wm-testimonials-element wm-html-element source\"><a href=\"https:\/\/www.webmandesign.eu\" target=\"_blank\"><span class=\"wm-testimonials-element wm-html-element image image-container\"><img loading=\"lazy\" decoding=\"async\" width=\"448\" height=\"448\" src=\"https:\/\/mamapartments.it\/wp-content\/uploads\/2016\/06\/family-448x448.png\" class=\"attachment-monument_valley-square size-monument_valley-square wp-post-image\" alt=\"\" title=\"family\" srcset=\"https:\/\/mamapartments.it\/wp-content\/uploads\/2016\/06\/family-448x448.png 448w, https:\/\/mamapartments.it\/wp-content\/uploads\/2016\/06\/family-300x300.png 300w, https:\/\/mamapartments.it\/wp-content\/uploads\/2016\/06\/family-150x150.png 150w, https:\/\/mamapartments.it\/wp-content\/uploads\/2016\/06\/family-100x100.png 100w, https:\/\/mamapartments.it\/wp-content\/uploads\/2016\/06\/family.png 512w\" sizes=\"auto, (max-width: 448px) 100vw, 448px\" \/><\/span><span class=\"wm-testimonials-element wm-html-element author\">Fam. Reiter<\/span><\/a><\/cite><\/article><article class=\"wm-testimonials-item wm-testimonials-item-221 wm-column width-1-4 with-margin alt last testimonial_category-deu has-thumbnail\"><h2 class=\"screen-reader-text\">Davide<\/h2><blockquote class=\"wm-testimonials-element wm-html-element content\"><p>Molto positivo, appartamento al primo piano molto ben arredato e pulizia fantastica.<\/p>\n<\/blockquote><cite class=\"wm-testimonials-element wm-html-element source\"><a href=\"https:\/\/www.webmandesign.eu\" target=\"_blank\"><span class=\"wm-testimonials-element wm-html-element image image-container\"><img loading=\"lazy\" decoding=\"async\" width=\"448\" height=\"448\" src=\"https:\/\/mamapartments.it\/wp-content\/uploads\/2016\/06\/uomo-448x448.png\" class=\"attachment-monument_valley-square size-monument_valley-square wp-post-image\" alt=\"\" title=\"uomo\" srcset=\"https:\/\/mamapartments.it\/wp-content\/uploads\/2016\/06\/uomo-448x448.png 448w, https:\/\/mamapartments.it\/wp-content\/uploads\/2016\/06\/uomo-300x300.png 300w, https:\/\/mamapartments.it\/wp-content\/uploads\/2016\/06\/uomo-150x150.png 150w, https:\/\/mamapartments.it\/wp-content\/uploads\/2016\/06\/uomo-100x100.png 100w, https:\/\/mamapartments.it\/wp-content\/uploads\/2016\/06\/uomo.png 512w\" sizes=\"auto, (max-width: 448px) 100vw, 448px\" \/><\/span><span class=\"wm-testimonials-element wm-html-element author\">Davide<\/span><\/a><\/cite><\/article><\/div><\/div><\/div>\n\t\t\t\t<img decoding=\"async\" src=\"https:\/\/mamapartments.it\/wp-content\/plugins\/beaver-builder-lite-version\/img\/pixel.png\" alt=\"\" itemprop=\"image\" onerror=\"this.style.display='none'\"  \/>","protected":false},"excerpt":{"rendered":"<div class=\"entry-summary\">\n<div class=\"entry-summary\">\nMolto positivo, appartamento al primo piano molto ben arredato e pulizia fantastica.\n<\/div>\n<\/div>\n","protected":false},"author":1,"featured_media":0,"parent":0,"menu_order":0,"comment_status":"closed","ping_status":"closed","template":"templates\/no-intro.php","meta":{"_acf_changed":false,"footnotes":""},"class_list":["post-2341","page","type-page","status-publish","hentry","entry"],"acf":[],"yoast_head":"<!-- This site is optimized with the Yoast SEO plugin v26.8 - https:\/\/yoast.com\/product\/yoast-seo-wordpress\/ -->\n<title>Leistungen - MAMA Apartments<\/title>\n<meta name=\"robots\" content=\"index, follow, max-snippet:-1, max-image-preview:large, max-video-preview:-1\" \/>\n<link rel=\"canonical\" href=\"https:\/\/mamapartments.it\/de\/leistungen\/\" \/>\n<meta property=\"og:locale\" content=\"de_DE\" \/>\n<meta property=\"og:type\" content=\"article\" \/>\n<meta property=\"og:title\" content=\"Leistungen - MAMA Apartments\" \/>\n<meta property=\"og:description\" content=\"Web accessibility refers to the inclusive practice of removing barriers that prevent interaction with, or access to websites, by people with disabilities.The Monument Valley theme is ready for you to create accessible websites!\" \/>\n<meta property=\"og:url\" content=\"https:\/\/mamapartments.it\/de\/leistungen\/\" \/>\n<meta property=\"og:site_name\" content=\"MAMA Apartments\" \/>\n<meta property=\"article:modified_time\" content=\"2023-03-14T13:52:27+00:00\" \/>\n<meta property=\"og:image\" content=\"https:\/\/mamapartments.it\/wp-content\/plugins\/beaver-builder-lite-version\/img\/pixel.png\" \/>\n<meta name=\"twitter:card\" content=\"summary_large_image\" \/>\n<meta name=\"twitter:label1\" content=\"Gesch\u00e4tzte Lesezeit\" \/>\n\t<meta name=\"twitter:data1\" content=\"3\u00a0Minuten\" \/>\n<script type=\"application\/ld+json\" class=\"yoast-schema-graph\">{\"@context\":\"https:\/\/schema.org\",\"@graph\":[{\"@type\":\"WebPage\",\"@id\":\"https:\/\/mamapartments.it\/de\/leistungen\/\",\"url\":\"https:\/\/mamapartments.it\/de\/leistungen\/\",\"name\":\"Leistungen - MAMA Apartments\",\"isPartOf\":{\"@id\":\"https:\/\/mamapartments.it\/#website\"},\"primaryImageOfPage\":{\"@id\":\"https:\/\/mamapartments.it\/de\/leistungen\/#primaryimage\"},\"image\":{\"@id\":\"https:\/\/mamapartments.it\/de\/leistungen\/#primaryimage\"},\"thumbnailUrl\":\"https:\/\/mamapartments.it\/wp-content\/plugins\/beaver-builder-lite-version\/img\/pixel.png\",\"datePublished\":\"2016-09-14T12:01:20+00:00\",\"dateModified\":\"2023-03-14T13:52:27+00:00\",\"breadcrumb\":{\"@id\":\"https:\/\/mamapartments.it\/de\/leistungen\/#breadcrumb\"},\"inLanguage\":\"de\",\"potentialAction\":[{\"@type\":\"ReadAction\",\"target\":[\"https:\/\/mamapartments.it\/de\/leistungen\/\"]}]},{\"@type\":\"ImageObject\",\"inLanguage\":\"de\",\"@id\":\"https:\/\/mamapartments.it\/de\/leistungen\/#primaryimage\",\"url\":\"https:\/\/mamapartments.it\/wp-content\/plugins\/beaver-builder-lite-version\/img\/pixel.png\",\"contentUrl\":\"https:\/\/mamapartments.it\/wp-content\/plugins\/beaver-builder-lite-version\/img\/pixel.png\"},{\"@type\":\"BreadcrumbList\",\"@id\":\"https:\/\/mamapartments.it\/de\/leistungen\/#breadcrumb\",\"itemListElement\":[{\"@type\":\"ListItem\",\"position\":1,\"name\":\"Home\",\"item\":\"https:\/\/mamapartments.it\/de\/\"},{\"@type\":\"ListItem\",\"position\":2,\"name\":\"Leistungen\"}]},{\"@type\":\"WebSite\",\"@id\":\"https:\/\/mamapartments.it\/#website\",\"url\":\"https:\/\/mamapartments.it\/\",\"name\":\"MAMA Apartments\",\"description\":\"Riva del Garda   +39 0464 556744\",\"publisher\":{\"@id\":\"https:\/\/mamapartments.it\/#organization\"},\"potentialAction\":[{\"@type\":\"SearchAction\",\"target\":{\"@type\":\"EntryPoint\",\"urlTemplate\":\"https:\/\/mamapartments.it\/?s={search_term_string}\"},\"query-input\":{\"@type\":\"PropertyValueSpecification\",\"valueRequired\":true,\"valueName\":\"search_term_string\"}}],\"inLanguage\":\"de\"},{\"@type\":\"Organization\",\"@id\":\"https:\/\/mamapartments.it\/#organization\",\"name\":\"MAMA Apartments\",\"url\":\"https:\/\/mamapartments.it\/\",\"logo\":{\"@type\":\"ImageObject\",\"inLanguage\":\"de\",\"@id\":\"https:\/\/mamapartments.it\/#\/schema\/logo\/image\/\",\"url\":\"https:\/\/mamapartments.it\/wp-content\/uploads\/2025\/02\/MAMA_apartments_DEF_4.png\",\"contentUrl\":\"https:\/\/mamapartments.it\/wp-content\/uploads\/2025\/02\/MAMA_apartments_DEF_4.png\",\"width\":1532,\"height\":1228,\"caption\":\"MAMA Apartments\"},\"image\":{\"@id\":\"https:\/\/mamapartments.it\/#\/schema\/logo\/image\/\"}}]}<\/script>\n<!-- \/ Yoast SEO plugin. -->","yoast_head_json":{"title":"Leistungen - MAMA Apartments","robots":{"index":"index","follow":"follow","max-snippet":"max-snippet:-1","max-image-preview":"max-image-preview:large","max-video-preview":"max-video-preview:-1"},"canonical":"https:\/\/mamapartments.it\/de\/leistungen\/","og_locale":"de_DE","og_type":"article","og_title":"Leistungen - MAMA Apartments","og_description":"Web accessibility refers to the inclusive practice of removing barriers that prevent interaction with, or access to websites, by people with disabilities.The Monument Valley theme is ready for you to create accessible websites!","og_url":"https:\/\/mamapartments.it\/de\/leistungen\/","og_site_name":"MAMA Apartments","article_modified_time":"2023-03-14T13:52:27+00:00","og_image":[{"url":"https:\/\/mamapartments.it\/wp-content\/plugins\/beaver-builder-lite-version\/img\/pixel.png","type":"","width":"","height":""}],"twitter_card":"summary_large_image","twitter_misc":{"Gesch\u00e4tzte Lesezeit":"3\u00a0Minuten"},"schema":{"@context":"https:\/\/schema.org","@graph":[{"@type":"WebPage","@id":"https:\/\/mamapartments.it\/de\/leistungen\/","url":"https:\/\/mamapartments.it\/de\/leistungen\/","name":"Leistungen - MAMA Apartments","isPartOf":{"@id":"https:\/\/mamapartments.it\/#website"},"primaryImageOfPage":{"@id":"https:\/\/mamapartments.it\/de\/leistungen\/#primaryimage"},"image":{"@id":"https:\/\/mamapartments.it\/de\/leistungen\/#primaryimage"},"thumbnailUrl":"https:\/\/mamapartments.it\/wp-content\/plugins\/beaver-builder-lite-version\/img\/pixel.png","datePublished":"2016-09-14T12:01:20+00:00","dateModified":"2023-03-14T13:52:27+00:00","breadcrumb":{"@id":"https:\/\/mamapartments.it\/de\/leistungen\/#breadcrumb"},"inLanguage":"de","potentialAction":[{"@type":"ReadAction","target":["https:\/\/mamapartments.it\/de\/leistungen\/"]}]},{"@type":"ImageObject","inLanguage":"de","@id":"https:\/\/mamapartments.it\/de\/leistungen\/#primaryimage","url":"https:\/\/mamapartments.it\/wp-content\/plugins\/beaver-builder-lite-version\/img\/pixel.png","contentUrl":"https:\/\/mamapartments.it\/wp-content\/plugins\/beaver-builder-lite-version\/img\/pixel.png"},{"@type":"BreadcrumbList","@id":"https:\/\/mamapartments.it\/de\/leistungen\/#breadcrumb","itemListElement":[{"@type":"ListItem","position":1,"name":"Home","item":"https:\/\/mamapartments.it\/de\/"},{"@type":"ListItem","position":2,"name":"Leistungen"}]},{"@type":"WebSite","@id":"https:\/\/mamapartments.it\/#website","url":"https:\/\/mamapartments.it\/","name":"MAMA Apartments","description":"Riva del Garda   +39 0464 556744","publisher":{"@id":"https:\/\/mamapartments.it\/#organization"},"potentialAction":[{"@type":"SearchAction","target":{"@type":"EntryPoint","urlTemplate":"https:\/\/mamapartments.it\/?s={search_term_string}"},"query-input":{"@type":"PropertyValueSpecification","valueRequired":true,"valueName":"search_term_string"}}],"inLanguage":"de"},{"@type":"Organization","@id":"https:\/\/mamapartments.it\/#organization","name":"MAMA Apartments","url":"https:\/\/mamapartments.it\/","logo":{"@type":"ImageObject","inLanguage":"de","@id":"https:\/\/mamapartments.it\/#\/schema\/logo\/image\/","url":"https:\/\/mamapartments.it\/wp-content\/uploads\/2025\/02\/MAMA_apartments_DEF_4.png","contentUrl":"https:\/\/mamapartments.it\/wp-content\/uploads\/2025\/02\/MAMA_apartments_DEF_4.png","width":1532,"height":1228,"caption":"MAMA Apartments"},"image":{"@id":"https:\/\/mamapartments.it\/#\/schema\/logo\/image\/"}}]}},"_links":{"self":[{"href":"https:\/\/mamapartments.it\/de\/wp-json\/wp\/v2\/pages\/2341","targetHints":{"allow":["GET"]}}],"collection":[{"href":"https:\/\/mamapartments.it\/de\/wp-json\/wp\/v2\/pages"}],"about":[{"href":"https:\/\/mamapartments.it\/de\/wp-json\/wp\/v2\/types\/page"}],"author":[{"embeddable":true,"href":"https:\/\/mamapartments.it\/de\/wp-json\/wp\/v2\/users\/1"}],"replies":[{"embeddable":true,"href":"https:\/\/mamapartments.it\/de\/wp-json\/wp\/v2\/comments?post=2341"}],"version-history":[{"count":5,"href":"https:\/\/mamapartments.it\/de\/wp-json\/wp\/v2\/pages\/2341\/revisions"}],"predecessor-version":[{"id":3774,"href":"https:\/\/mamapartments.it\/de\/wp-json\/wp\/v2\/pages\/2341\/revisions\/3774"}],"wp:attachment":[{"href":"https:\/\/mamapartments.it\/de\/wp-json\/wp\/v2\/media?parent=2341"}],"curies":[{"name":"wp","href":"https:\/\/api.w.org\/{rel}","templated":true}]}}