{"id":2344,"date":"2020-03-19T11:34:13","date_gmt":"2020-03-19T11:34:13","guid":{"rendered":"https:\/\/www.mamapartments.it\/riva-del-garda-tour-con-guida\/"},"modified":"2021-04-03T10:46:06","modified_gmt":"2021-04-03T08:46:06","slug":"riva-del-garda-tour-con-guida","status":"publish","type":"page","link":"https:\/\/mamapartments.it\/de\/riva-del-garda-tour-con-guida\/","title":{"rendered":"TOUR CON GUIDA"},"content":{"rendered":"<h1><i>deinen sportlichen urlaub<\/i><\/h1>\n\t<h1><b><i>Tours mit F\u00fchrung<\/i><\/b><\/h1>\n\t<p>Entdecken Sie unsere F\u00fchrungen f\u00fcr einen Tag in der Natur rund um Riva del Garda.<\/p>\n<div class=\"wm-posts wm-posts-wrap clearfix wm-posts-post wm-posts-layout-default posts\"><div class=\"wm-posts-container wm-items-container with-margin\" data-columns=\"4\" data-time=\"0\" data-layout-mode=\"masonry\"><div class=\"wm-row with-margin\">\r\n<div class=\"wm-posts-item wm-posts-item-2904 wm-column width-1-4 with-margin has-thumbnail\">\r\n\r\n\t\r\n\r\n<article xd id=\"post-2904\" class=\"post-2904 post type-post status-publish format-standard has-post-thumbnail hentry category-tour-con-guida-de entry\">\r\n\r\n\t<div class=\"entry-media\"><figure class=\"post-thumbnail\"><a href=\"https:\/\/mamapartments.it\/de\/tour-tenno-see-ballino\/\"><img loading=\"lazy\" decoding=\"async\" width=\"731\" height=\"365\" src=\"https:\/\/mamapartments.it\/wp-content\/uploads\/2020\/03\/MTB-GardaTrentino-Ph-Jennifer-Doohan-1-731x365.jpg\" class=\"attachment-monument_valley-thumbnail size-monument_valley-thumbnail wp-post-image\" alt=\"bikers su mtb lungo il lago di tenno\" \/><\/a><\/figure><\/div><header class=\"entry-header\"><h2 class=\"entry-title\"><a href=\"https:\/\/mamapartments.it\/de\/tour-tenno-see-ballino\/\" rel=\"bookmark\">TOUR \u201cTENNO SEE-BALLINO\u201d<\/a><\/h2><\/header>\n<footer class=\"entry-meta\">\n<span class=\"entry-meta-element entry-date posted-on\">\n\t<span class=\"entry-meta-description\">\n\t\tPosted on:\t<\/span>\n\t\t\t<a href=\"https:\/\/mamapartments.it\/de\/tour-tenno-see-ballino\/\" rel=\"bookmark\">\n\t\t\t<time datetime=\"2020-03-16T18:56:27+01:00\" class=\"published\" title=\"16. M\u00e4rz 2020 | 18:56\">\n\t\t\t\t16. M\u00e4rz 2020\t\t\t<\/time>\n\t\t<\/a>\n\t\t<time class=\"updated\" datetime=\"2021-04-03T11:31:14+02:00\">\n\t\t3. April 2021\t<\/time>\n<\/span>\n\n<span class=\"entry-meta-element byline author vcard\">\n\t<span class=\"entry-meta-description\">\n\t\tWritten by:\t<\/span>\n\t<a href=\"https:\/\/mamapartments.it\/de\/author\/residencetrieste\/\" class=\"url fn n\" rel=\"author\">\n\t\tResidenceTrieste ResidenceTrieste\t<\/a>\n<\/span>\n<\/footer>\n<h2 style=\"max-width:100%;margin-bottom:20px;\" class=\"page-title h1 intro-title\"><\/h2>\r\n\t<div class=\"entry-content\"><div class=\"entry-summary\">\n<div class=\"entry-summary\">\nKurze Route Tour ohne besondere technische Schwierigkeiten f\u00fcr alle Biker zug\u00e4nglich zwischen natur, Geschichte und Entspannung. Das Ziel ist der Tenno-See (550 m \u00fc.d.M.), ein Gebirgsbecken mit klarem, smaragdgr\u00fcnem Wasser, das den Gardasee beherrscht und mit dem Fahrrad durch die&hellip;\n<\/div>\n<div class=\"link-more\"><a href=\"https:\/\/mamapartments.it\/de\/tour-tenno-see-ballino\/\" class=\"more-link\">Mehr lesen<span class=\"screen-reader-text\"> &ldquo;TOUR \u201cTENNO SEE-BALLINO\u201d&rdquo;<\/span>\u2026<\/a><\/div>\n<\/div>\n<div class=\"link-more\"><a href=\"https:\/\/mamapartments.it\/de\/tour-tenno-see-ballino\/\" class=\"more-link\">Mehr lesen<span class=\"screen-reader-text\"> &ldquo;TOUR \u201cTENNO SEE-BALLINO\u201d&rdquo;<\/span>\u2026<\/a><\/div>\n<\/div>\r\n\r\n\t\r\n<\/article>\r\n\r\n\r\n<\/div>\r\n\r\n<div class=\"wm-posts-item wm-posts-item-2907 wm-column width-1-4 with-margin alt has-thumbnail\">\r\n\r\n\t\r\n\r\n<article xd id=\"post-2907\" class=\"post-2907 post type-post status-publish format-standard has-post-thumbnail hentry category-tour-con-guida-de entry\">\r\n\r\n\t<div class=\"entry-media\"><figure class=\"post-thumbnail\"><a href=\"https:\/\/mamapartments.it\/de\/tour-malga-grassi\/\"><img loading=\"lazy\" decoding=\"async\" width=\"731\" height=\"365\" src=\"https:\/\/mamapartments.it\/wp-content\/uploads\/2020\/03\/3215-CODLS-00677-731x365.jpg\" class=\"attachment-monument_valley-thumbnail size-monument_valley-thumbnail wp-post-image\" alt=\"uomo su mtb che scende in un percorso downhill con rocce e alberi\" \/><\/a><\/figure><\/div><header class=\"entry-header\"><h2 class=\"entry-title\"><a href=\"https:\/\/mamapartments.it\/de\/tour-malga-grassi\/\" rel=\"bookmark\">TOUR \u201cMALGA GRASSI\u201d<\/a><\/h2><\/header>\n<footer class=\"entry-meta\">\n<span class=\"entry-meta-element entry-date posted-on\">\n\t<span class=\"entry-meta-description\">\n\t\tPosted on:\t<\/span>\n\t\t\t<a href=\"https:\/\/mamapartments.it\/de\/tour-malga-grassi\/\" rel=\"bookmark\">\n\t\t\t<time datetime=\"2020-03-16T18:31:47+01:00\" class=\"published\" title=\"16. M\u00e4rz 2020 | 18:31\">\n\t\t\t\t16. M\u00e4rz 2020\t\t\t<\/time>\n\t\t<\/a>\n\t\t<time class=\"updated\" datetime=\"2021-04-03T11:59:02+02:00\">\n\t\t3. April 2021\t<\/time>\n<\/span>\n\n<span class=\"entry-meta-element byline author vcard\">\n\t<span class=\"entry-meta-description\">\n\t\tWritten by:\t<\/span>\n\t<a href=\"https:\/\/mamapartments.it\/de\/author\/residencetrieste\/\" class=\"url fn n\" rel=\"author\">\n\t\tResidenceTrieste ResidenceTrieste\t<\/a>\n<\/span>\n<\/footer>\n<h2 style=\"max-width:100%;margin-bottom:20px;\" class=\"page-title h1 intro-title\"><\/h2>\r\n\t<div class=\"entry-content\"><div class=\"entry-summary\">\nFantastisch (UP&amp;DOWN) das Ziel der Tour ist genau die Malga Grassi auf 1067 m H\u00f6he \u00fcber dem Meeresspiegel. Von Riva del Garda aus steigt man entlang der Hauptstra\u00dfe und nach Belieben auf Feldwegen, umgeben von Olivenhainen und Weinbergen, bis man&hellip;\n<\/div>\n<div class=\"link-more\"><a href=\"https:\/\/mamapartments.it\/de\/tour-malga-grassi\/\" class=\"more-link\">Mehr lesen<span class=\"screen-reader-text\"> &ldquo;TOUR \u201cMALGA GRASSI\u201d&rdquo;<\/span>\u2026<\/a><\/div>\n<\/div>\r\n\r\n\t\r\n<\/article>\r\n\r\n\r\n<\/div>\r\n\r\n<div class=\"wm-posts-item wm-posts-item-2909 wm-column width-1-4 with-margin has-thumbnail\">\r\n\r\n\t\r\n\r\n<article xd id=\"post-2909\" class=\"post-2909 post type-post status-publish format-standard has-post-thumbnail hentry category-tour-con-guida-de entry\">\r\n\r\n\t<div class=\"entry-media\"><figure class=\"post-thumbnail\"><a href=\"https:\/\/mamapartments.it\/de\/tour-ledro-see-und-concei-tal\/\"><img loading=\"lazy\" decoding=\"async\" width=\"731\" height=\"365\" src=\"https:\/\/mamapartments.it\/wp-content\/uploads\/2020\/03\/Bike-GardaTrentino-Grottolo5-731x365.jpg\" class=\"attachment-monument_valley-thumbnail size-monument_valley-thumbnail wp-post-image\" alt=\"\" \/><\/a><\/figure><\/div><header class=\"entry-header\"><h2 class=\"entry-title\"><a href=\"https:\/\/mamapartments.it\/de\/tour-ledro-see-und-concei-tal\/\" rel=\"bookmark\">TOUR \u201cLEDRO-SEE UND CONCEI TAL\u201d<\/a><\/h2><\/header>\n<footer class=\"entry-meta\">\n<span class=\"entry-meta-element entry-date posted-on\">\n\t<span class=\"entry-meta-description\">\n\t\tPosted on:\t<\/span>\n\t\t\t<a href=\"https:\/\/mamapartments.it\/de\/tour-ledro-see-und-concei-tal\/\" rel=\"bookmark\">\n\t\t\t<time datetime=\"2020-03-16T18:24:06+01:00\" class=\"published\" title=\"16. M\u00e4rz 2020 | 18:24\">\n\t\t\t\t16. M\u00e4rz 2020\t\t\t<\/time>\n\t\t<\/a>\n\t\t<time class=\"updated\" datetime=\"2021-04-03T11:57:10+02:00\">\n\t\t3. April 2021\t<\/time>\n<\/span>\n\n<span class=\"entry-meta-element byline author vcard\">\n\t<span class=\"entry-meta-description\">\n\t\tWritten by:\t<\/span>\n\t<a href=\"https:\/\/mamapartments.it\/de\/author\/residencetrieste\/\" class=\"url fn n\" rel=\"author\">\n\t\tResidenceTrieste ResidenceTrieste\t<\/a>\n<\/span>\n<\/footer>\n<h2 style=\"max-width:100%;margin-bottom:20px;\" class=\"page-title h1 intro-title\"><\/h2>\r\n\t<div class=\"entry-content\"><div class=\"entry-summary\">\nKurze Route Klassische FotoTour, aber immer sehr anregend zwischen Geschichte und atemberaubenden Landschaften. Wir verlassen Riva del Garda und fahren auf der Hauptstra\u00dfe etwa 500 m in Richtung S\u00fcden, wo uns die &#8218;PonaleStra\u00dfe&#8216; erwartet, ein Muss f\u00fcr Radfahrer, die die&hellip;\n<\/div>\n<div class=\"link-more\"><a href=\"https:\/\/mamapartments.it\/de\/tour-ledro-see-und-concei-tal\/\" class=\"more-link\">Mehr lesen<span class=\"screen-reader-text\"> &ldquo;TOUR \u201cLEDRO-SEE UND CONCEI TAL\u201d&rdquo;<\/span>\u2026<\/a><\/div>\n<\/div>\r\n\r\n\t\r\n<\/article>\r\n\r\n\r\n<\/div>\r\n\r\n<div class=\"wm-posts-item wm-posts-item-2912 wm-column width-1-4 with-margin alt last has-thumbnail\">\r\n\r\n\t\r\n\r\n<article xd id=\"post-2912\" class=\"post-2912 post type-post status-publish format-standard has-post-thumbnail hentry category-tour-con-guida-de entry\">\r\n\r\n\t<div class=\"entry-media\"><figure class=\"post-thumbnail\"><a href=\"https:\/\/mamapartments.it\/de\/tour-valle-del-sarca-ring\/\"><img loading=\"lazy\" decoding=\"async\" width=\"731\" height=\"365\" src=\"https:\/\/mamapartments.it\/wp-content\/uploads\/2020\/03\/MTB-Jennifer-Doohan36-731x365.jpg\" class=\"attachment-monument_valley-thumbnail size-monument_valley-thumbnail wp-post-image\" alt=\"\" \/><\/a><\/figure><\/div><header class=\"entry-header\"><h2 class=\"entry-title\"><a href=\"https:\/\/mamapartments.it\/de\/tour-valle-del-sarca-ring\/\" rel=\"bookmark\">TOUR \u201cVALLE DEL SARCA RING\u201d<\/a><\/h2><\/header>\n<footer class=\"entry-meta\">\n<span class=\"entry-meta-element entry-date posted-on\">\n\t<span class=\"entry-meta-description\">\n\t\tPosted on:\t<\/span>\n\t\t\t<a href=\"https:\/\/mamapartments.it\/de\/tour-valle-del-sarca-ring\/\" rel=\"bookmark\">\n\t\t\t<time datetime=\"2020-03-16T18:06:40+01:00\" class=\"published\" title=\"16. M\u00e4rz 2020 | 18:06\">\n\t\t\t\t16. M\u00e4rz 2020\t\t\t<\/time>\n\t\t<\/a>\n\t\t<time class=\"updated\" datetime=\"2021-04-03T12:10:22+02:00\">\n\t\t3. April 2021\t<\/time>\n<\/span>\n\n<span class=\"entry-meta-element byline author vcard\">\n\t<span class=\"entry-meta-description\">\n\t\tWritten by:\t<\/span>\n\t<a href=\"https:\/\/mamapartments.it\/de\/author\/residencetrieste\/\" class=\"url fn n\" rel=\"author\">\n\t\tResidenceTrieste ResidenceTrieste\t<\/a>\n<\/span>\n<\/footer>\n<h2 style=\"max-width:100%;margin-bottom:20px;\" class=\"page-title h1 intro-title\"><\/h2>\r\n\t<div class=\"entry-content\"><div class=\"entry-summary\">\nKurze Route Dieser einfache Tour ist f\u00fcr Familien oder f\u00fcr diejenigen gedacht, die \u00fcber die Grenzen hinausgehen m\u00f6chten, die den &#8218;Busa&#8216; das Becken, das die D\u00f6rfer Riva del Garda, Torbole und Arco umschlie\u00dft, begrenzen, und die den Ausflug entlang des&hellip;\n<\/div>\n<div class=\"link-more\"><a href=\"https:\/\/mamapartments.it\/de\/tour-valle-del-sarca-ring\/\" class=\"more-link\">Mehr lesen<span class=\"screen-reader-text\"> &ldquo;TOUR \u201cVALLE DEL SARCA RING\u201d&rdquo;<\/span>\u2026<\/a><\/div>\n<\/div>\r\n\r\n\t\r\n<\/article>\r\n\r\n\r\n<\/div>\r\n<\/div><\/div><\/div>","protected":false},"excerpt":{"rendered":"<div class=\"entry-summary\">\n<strong>Web accessibility<\/strong> refers to the inclusive practice of removing barriers that prevent interaction with, or access to websites, by people with disabilities.<br \/><em>The <strong>Monument Valley<\/strong> theme is ready for you to create accessible websites!<\/em>\n<\/div>\n<div class=\"link-more\"><a href=\"https:\/\/mamapartments.it\/de\/tour-valle-del-sarca-ring\/\" class=\"more-link\">Mehr lesen<span class=\"screen-reader-text\"> &ldquo;TOUR \u201cVALLE DEL SARCA RING\u201d&rdquo;<\/span>\u2026<\/a><\/div>\n","protected":false},"author":1,"featured_media":0,"parent":0,"menu_order":0,"comment_status":"closed","ping_status":"closed","template":"templates\/no-intro.php","meta":{"_acf_changed":false,"footnotes":""},"class_list":["post-2344","page","type-page","status-publish","hentry","entry"],"acf":[],"yoast_head":"<!-- This site is optimized with the Yoast SEO plugin v26.8 - https:\/\/yoast.com\/product\/yoast-seo-wordpress\/ -->\n<title>TOUR CON GUIDA - MAMA Apartments<\/title>\n<meta name=\"robots\" content=\"index, follow, max-snippet:-1, max-image-preview:large, max-video-preview:-1\" \/>\n<link rel=\"canonical\" href=\"https:\/\/mamapartments.it\/de\/riva-del-garda-tour-con-guida\/\" \/>\n<meta property=\"og:locale\" content=\"de_DE\" \/>\n<meta property=\"og:type\" content=\"article\" \/>\n<meta property=\"og:title\" content=\"TOUR CON GUIDA - MAMA Apartments\" \/>\n<meta property=\"og:description\" content=\"Web accessibility refers to the inclusive practice of removing barriers that prevent interaction with, or access to websites, by people with disabilities.The Monument Valley theme is ready for you to create accessible websites! Mehr lesen &ldquo;TOUR \u201cVALLE DEL SARCA RING\u201d&rdquo;\u2026\" \/>\n<meta property=\"og:url\" content=\"https:\/\/mamapartments.it\/de\/riva-del-garda-tour-con-guida\/\" \/>\n<meta property=\"og:site_name\" content=\"MAMA Apartments\" \/>\n<meta property=\"article:modified_time\" content=\"2021-04-03T08:46:06+00:00\" \/>\n<meta name=\"twitter:card\" content=\"summary_large_image\" \/>\n<script type=\"application\/ld+json\" class=\"yoast-schema-graph\">{\"@context\":\"https:\/\/schema.org\",\"@graph\":[{\"@type\":\"WebPage\",\"@id\":\"https:\/\/mamapartments.it\/de\/riva-del-garda-tour-con-guida\/\",\"url\":\"https:\/\/mamapartments.it\/de\/riva-del-garda-tour-con-guida\/\",\"name\":\"TOUR CON GUIDA - MAMA Apartments\",\"isPartOf\":{\"@id\":\"https:\/\/mamapartments.it\/#website\"},\"datePublished\":\"2020-03-19T11:34:13+00:00\",\"dateModified\":\"2021-04-03T08:46:06+00:00\",\"breadcrumb\":{\"@id\":\"https:\/\/mamapartments.it\/de\/riva-del-garda-tour-con-guida\/#breadcrumb\"},\"inLanguage\":\"de\",\"potentialAction\":[{\"@type\":\"ReadAction\",\"target\":[\"https:\/\/mamapartments.it\/de\/riva-del-garda-tour-con-guida\/\"]}]},{\"@type\":\"BreadcrumbList\",\"@id\":\"https:\/\/mamapartments.it\/de\/riva-del-garda-tour-con-guida\/#breadcrumb\",\"itemListElement\":[{\"@type\":\"ListItem\",\"position\":1,\"name\":\"Home\",\"item\":\"https:\/\/mamapartments.it\/de\/\"},{\"@type\":\"ListItem\",\"position\":2,\"name\":\"TOUR CON GUIDA\"}]},{\"@type\":\"WebSite\",\"@id\":\"https:\/\/mamapartments.it\/#website\",\"url\":\"https:\/\/mamapartments.it\/\",\"name\":\"MAMA Apartments\",\"description\":\"Riva del Garda   +39 0464 556744\",\"publisher\":{\"@id\":\"https:\/\/mamapartments.it\/#organization\"},\"potentialAction\":[{\"@type\":\"SearchAction\",\"target\":{\"@type\":\"EntryPoint\",\"urlTemplate\":\"https:\/\/mamapartments.it\/?s={search_term_string}\"},\"query-input\":{\"@type\":\"PropertyValueSpecification\",\"valueRequired\":true,\"valueName\":\"search_term_string\"}}],\"inLanguage\":\"de\"},{\"@type\":\"Organization\",\"@id\":\"https:\/\/mamapartments.it\/#organization\",\"name\":\"MAMA Apartments\",\"url\":\"https:\/\/mamapartments.it\/\",\"logo\":{\"@type\":\"ImageObject\",\"inLanguage\":\"de\",\"@id\":\"https:\/\/mamapartments.it\/#\/schema\/logo\/image\/\",\"url\":\"https:\/\/mamapartments.it\/wp-content\/uploads\/2025\/02\/MAMA_apartments_DEF_4.png\",\"contentUrl\":\"https:\/\/mamapartments.it\/wp-content\/uploads\/2025\/02\/MAMA_apartments_DEF_4.png\",\"width\":1532,\"height\":1228,\"caption\":\"MAMA Apartments\"},\"image\":{\"@id\":\"https:\/\/mamapartments.it\/#\/schema\/logo\/image\/\"}}]}<\/script>\n<!-- \/ Yoast SEO plugin. -->","yoast_head_json":{"title":"TOUR CON GUIDA - MAMA Apartments","robots":{"index":"index","follow":"follow","max-snippet":"max-snippet:-1","max-image-preview":"max-image-preview:large","max-video-preview":"max-video-preview:-1"},"canonical":"https:\/\/mamapartments.it\/de\/riva-del-garda-tour-con-guida\/","og_locale":"de_DE","og_type":"article","og_title":"TOUR CON GUIDA - MAMA Apartments","og_description":"Web accessibility refers to the inclusive practice of removing barriers that prevent interaction with, or access to websites, by people with disabilities.The Monument Valley theme is ready for you to create accessible websites! Mehr lesen &ldquo;TOUR \u201cVALLE DEL SARCA RING\u201d&rdquo;\u2026","og_url":"https:\/\/mamapartments.it\/de\/riva-del-garda-tour-con-guida\/","og_site_name":"MAMA Apartments","article_modified_time":"2021-04-03T08:46:06+00:00","twitter_card":"summary_large_image","schema":{"@context":"https:\/\/schema.org","@graph":[{"@type":"WebPage","@id":"https:\/\/mamapartments.it\/de\/riva-del-garda-tour-con-guida\/","url":"https:\/\/mamapartments.it\/de\/riva-del-garda-tour-con-guida\/","name":"TOUR CON GUIDA - MAMA Apartments","isPartOf":{"@id":"https:\/\/mamapartments.it\/#website"},"datePublished":"2020-03-19T11:34:13+00:00","dateModified":"2021-04-03T08:46:06+00:00","breadcrumb":{"@id":"https:\/\/mamapartments.it\/de\/riva-del-garda-tour-con-guida\/#breadcrumb"},"inLanguage":"de","potentialAction":[{"@type":"ReadAction","target":["https:\/\/mamapartments.it\/de\/riva-del-garda-tour-con-guida\/"]}]},{"@type":"BreadcrumbList","@id":"https:\/\/mamapartments.it\/de\/riva-del-garda-tour-con-guida\/#breadcrumb","itemListElement":[{"@type":"ListItem","position":1,"name":"Home","item":"https:\/\/mamapartments.it\/de\/"},{"@type":"ListItem","position":2,"name":"TOUR CON GUIDA"}]},{"@type":"WebSite","@id":"https:\/\/mamapartments.it\/#website","url":"https:\/\/mamapartments.it\/","name":"MAMA Apartments","description":"Riva del Garda   +39 0464 556744","publisher":{"@id":"https:\/\/mamapartments.it\/#organization"},"potentialAction":[{"@type":"SearchAction","target":{"@type":"EntryPoint","urlTemplate":"https:\/\/mamapartments.it\/?s={search_term_string}"},"query-input":{"@type":"PropertyValueSpecification","valueRequired":true,"valueName":"search_term_string"}}],"inLanguage":"de"},{"@type":"Organization","@id":"https:\/\/mamapartments.it\/#organization","name":"MAMA Apartments","url":"https:\/\/mamapartments.it\/","logo":{"@type":"ImageObject","inLanguage":"de","@id":"https:\/\/mamapartments.it\/#\/schema\/logo\/image\/","url":"https:\/\/mamapartments.it\/wp-content\/uploads\/2025\/02\/MAMA_apartments_DEF_4.png","contentUrl":"https:\/\/mamapartments.it\/wp-content\/uploads\/2025\/02\/MAMA_apartments_DEF_4.png","width":1532,"height":1228,"caption":"MAMA Apartments"},"image":{"@id":"https:\/\/mamapartments.it\/#\/schema\/logo\/image\/"}}]}},"_links":{"self":[{"href":"https:\/\/mamapartments.it\/de\/wp-json\/wp\/v2\/pages\/2344","targetHints":{"allow":["GET"]}}],"collection":[{"href":"https:\/\/mamapartments.it\/de\/wp-json\/wp\/v2\/pages"}],"about":[{"href":"https:\/\/mamapartments.it\/de\/wp-json\/wp\/v2\/types\/page"}],"author":[{"embeddable":true,"href":"https:\/\/mamapartments.it\/de\/wp-json\/wp\/v2\/users\/1"}],"replies":[{"embeddable":true,"href":"https:\/\/mamapartments.it\/de\/wp-json\/wp\/v2\/comments?post=2344"}],"version-history":[{"count":1,"href":"https:\/\/mamapartments.it\/de\/wp-json\/wp\/v2\/pages\/2344\/revisions"}],"predecessor-version":[{"id":3303,"href":"https:\/\/mamapartments.it\/de\/wp-json\/wp\/v2\/pages\/2344\/revisions\/3303"}],"wp:attachment":[{"href":"https:\/\/mamapartments.it\/de\/wp-json\/wp\/v2\/media?parent=2344"}],"curies":[{"name":"wp","href":"https:\/\/api.w.org\/{rel}","templated":true}]}}